{"id":40093,"date":"2025-11-26T07:50:03","date_gmt":"2025-11-26T06:50:03","guid":{"rendered":"https:\/\/www.hirtenberg-apotheke.at\/katalog\/produkt\/life-light-vitamin-b-komplex-kapseln-60-stk\/"},"modified":"2025-11-26T07:50:34","modified_gmt":"2025-11-26T06:50:34","slug":"life-light-vitamin-b-komplex-kapseln-60-stk","status":"publish","type":"product","link":"https:\/\/www.hirtenberg-apotheke.at\/katalog\/produkt\/life-light-vitamin-b-komplex-kapseln-60-stk\/","title":{"rendered":"Life Light Vitamin B-Komplex Kapseln 60 Stk."},"content":{"rendered":"<p>Life Light Vitamin B-Komplex Kapseln sind ein orthomolekularer Mikron\u00e4hrstoffkomplex mit allen B-Vitaminen, die wichtige Stoffwechselfunktionen unterst\u00fctzen. Die Kapseln tragen dar\u00fcber hinaus zu einer normalen Funktion des Nervensystems und einer Reduktion von M\u00fcdigkeit und Erm\u00fcdung bei.<\/p>\n","protected":false},"excerpt":{"rendered":"<p>Life Light Vitamin B-Komplex Kapseln sind ein orthomolekularer Mikron\u00e4hrstoffkomplex mit allen B-Vitaminen, die wichtige Stoffwechselfunktionen unterst\u00fctzen. Die Kapseln tragen dar\u00fcber hinaus zu einer normalen Funktion des Nervensystems und einer Reduktion von M\u00fcdigkeit und Erm\u00fcdung bei.<\/p>\n","protected":false},"featured_media":40095,"template":"","meta":{"_acf_changed":false},"product_brand":[],"product_cat":[317],"product_tag":[],"class_list":{"0":"post-40093","1":"product","2":"type-product","3":"status-publish","4":"has-post-thumbnail","6":"product_cat-l","7":"pa_packungsgroesse-60-stueck","9":"first","10":"instock","11":"shipping-taxable","12":"purchasable","13":"product-type-simple"},"acf":[],"_links":{"self":[{"href":"https:\/\/www.hirtenberg-apotheke.at\/katalog\/wp-json\/wp\/v2\/product\/40093","targetHints":{"allow":["GET"]}}],"collection":[{"href":"https:\/\/www.hirtenberg-apotheke.at\/katalog\/wp-json\/wp\/v2\/product"}],"about":[{"href":"https:\/\/www.hirtenberg-apotheke.at\/katalog\/wp-json\/wp\/v2\/types\/product"}],"wp:featuredmedia":[{"embeddable":true,"href":"https:\/\/www.hirtenberg-apotheke.at\/katalog\/wp-json\/wp\/v2\/media\/40095"}],"wp:attachment":[{"href":"https:\/\/www.hirtenberg-apotheke.at\/katalog\/wp-json\/wp\/v2\/media?parent=40093"}],"wp:term":[{"taxonomy":"product_brand","embeddable":true,"href":"https:\/\/www.hirtenberg-apotheke.at\/katalog\/wp-json\/wp\/v2\/product_brand?post=40093"},{"taxonomy":"product_cat","embeddable":true,"href":"https:\/\/www.hirtenberg-apotheke.at\/katalog\/wp-json\/wp\/v2\/product_cat?post=40093"},{"taxonomy":"product_tag","embeddable":true,"href":"https:\/\/www.hirtenberg-apotheke.at\/katalog\/wp-json\/wp\/v2\/product_tag?post=40093"}],"curies":[{"name":"wp","href":"https:\/\/api.w.org\/{rel}","templated":true}]}}