{"id":40112,"date":"2025-11-26T07:50:39","date_gmt":"2025-11-26T06:50:39","guid":{"rendered":"https:\/\/www.hirtenberg-apotheke.at\/katalog\/produkt\/thorne-research-niacinamide-kapseln-180-stk\/"},"modified":"2025-11-26T07:50:55","modified_gmt":"2025-11-26T06:50:55","slug":"thorne-research-niacinamide-kapseln-180-stk","status":"publish","type":"product","link":"https:\/\/www.hirtenberg-apotheke.at\/katalog\/produkt\/thorne-research-niacinamide-kapseln-180-stk\/","title":{"rendered":"Thorne Research Niacinamide Kapseln 180 Stk."},"content":{"rendered":"<p>Thorne Research Niacinamide Kapseln sind eine Form des Vitamin B3. Die Herstellung erfolgt ohne Magnesiumstearat, Gleit- oder L\u00f6sungsmittel, sowie Flie\u00dfmittel, die die Resorption behindern k\u00f6nnen. Niacin tr\u00e4gt zum normalen Energiestoffwechsel, zur normalen Funktion des Nervensystems und zur Aufrechterhaltung einer normalen Haut und Schleimh\u00e4ute bei.<\/p>\n","protected":false},"excerpt":{"rendered":"<p>Thorne Research Niacinamide Kapseln sind eine Form des Vitamin B3. Die Herstellung erfolgt ohne Magnesiumstearat, Gleit- oder L\u00f6sungsmittel, sowie Flie\u00dfmittel, die die Resorption behindern k\u00f6nnen. Niacin tr\u00e4gt zum normalen Energiestoffwechsel, zur normalen Funktion des Nervensystems und zur Aufrechterhaltung einer normalen Haut und Schleimh\u00e4ute bei.<\/p>\n","protected":false},"featured_media":40114,"template":"","meta":{"_acf_changed":false},"product_brand":[],"product_cat":[319],"product_tag":[],"class_list":{"0":"post-40112","1":"product","2":"type-product","3":"status-publish","4":"has-post-thumbnail","6":"product_cat-t","7":"pa_packungsgroesse-180-stueck","9":"first","10":"instock","11":"shipping-taxable","12":"purchasable","13":"product-type-simple"},"acf":[],"_links":{"self":[{"href":"https:\/\/www.hirtenberg-apotheke.at\/katalog\/wp-json\/wp\/v2\/product\/40112","targetHints":{"allow":["GET"]}}],"collection":[{"href":"https:\/\/www.hirtenberg-apotheke.at\/katalog\/wp-json\/wp\/v2\/product"}],"about":[{"href":"https:\/\/www.hirtenberg-apotheke.at\/katalog\/wp-json\/wp\/v2\/types\/product"}],"wp:featuredmedia":[{"embeddable":true,"href":"https:\/\/www.hirtenberg-apotheke.at\/katalog\/wp-json\/wp\/v2\/media\/40114"}],"wp:attachment":[{"href":"https:\/\/www.hirtenberg-apotheke.at\/katalog\/wp-json\/wp\/v2\/media?parent=40112"}],"wp:term":[{"taxonomy":"product_brand","embeddable":true,"href":"https:\/\/www.hirtenberg-apotheke.at\/katalog\/wp-json\/wp\/v2\/product_brand?post=40112"},{"taxonomy":"product_cat","embeddable":true,"href":"https:\/\/www.hirtenberg-apotheke.at\/katalog\/wp-json\/wp\/v2\/product_cat?post=40112"},{"taxonomy":"product_tag","embeddable":true,"href":"https:\/\/www.hirtenberg-apotheke.at\/katalog\/wp-json\/wp\/v2\/product_tag?post=40112"}],"curies":[{"name":"wp","href":"https:\/\/api.w.org\/{rel}","templated":true}]}}