{"id":40118,"date":"2025-11-26T07:50:39","date_gmt":"2025-11-26T06:50:39","guid":{"rendered":"https:\/\/www.hirtenberg-apotheke.at\/katalog\/produkt\/reishi-extrakt-tabletten-400-mg-han-90-stk\/"},"modified":"2025-11-26T07:50:59","modified_gmt":"2025-11-26T06:50:59","slug":"reishi-extrakt-tabletten-400-mg-han-90-stk","status":"publish","type":"product","link":"https:\/\/www.hirtenberg-apotheke.at\/katalog\/produkt\/reishi-extrakt-tabletten-400-mg-han-90-stk\/","title":{"rendered":"Reishi Extrakt Tabletten 400 mg Han 90 Stk."},"content":{"rendered":"<p>Seit 2011 vertreibt Shanab Pharma hochwertige Nahrungserg\u00e4nzungsmittel und erzeugen seit einiger Zeit auch eigene Produkte zur Steigerung von Gesundheit und Wohlbefinden. Shanab Pharma steht f\u00fcr Qualit\u00e4tsprodukte aus m\u00f6glichst nat\u00fcrlichen Rohstoffen.<\/p>\n","protected":false},"excerpt":{"rendered":"<p>Seit 2011 vertreibt Shanab Pharma hochwertige Nahrungserg\u00e4nzungsmittel und erzeugen seit einiger Zeit auch eigene Produkte zur Steigerung von Gesundheit und Wohlbefinden. Shanab Pharma steht f\u00fcr Qualit\u00e4tsprodukte aus m\u00f6glichst nat\u00fcrlichen Rohstoffen.<\/p>\n","protected":false},"featured_media":0,"template":"","meta":{"_acf_changed":false},"product_brand":[],"product_cat":[311],"product_tag":[],"class_list":{"0":"post-40118","1":"product","2":"type-product","3":"status-publish","5":"product_cat-r","6":"pa_packungsgroesse-90-stueck","8":"first","9":"instock","10":"shipping-taxable","11":"purchasable","12":"product-type-simple"},"acf":[],"_links":{"self":[{"href":"https:\/\/www.hirtenberg-apotheke.at\/katalog\/wp-json\/wp\/v2\/product\/40118","targetHints":{"allow":["GET"]}}],"collection":[{"href":"https:\/\/www.hirtenberg-apotheke.at\/katalog\/wp-json\/wp\/v2\/product"}],"about":[{"href":"https:\/\/www.hirtenberg-apotheke.at\/katalog\/wp-json\/wp\/v2\/types\/product"}],"wp:attachment":[{"href":"https:\/\/www.hirtenberg-apotheke.at\/katalog\/wp-json\/wp\/v2\/media?parent=40118"}],"wp:term":[{"taxonomy":"product_brand","embeddable":true,"href":"https:\/\/www.hirtenberg-apotheke.at\/katalog\/wp-json\/wp\/v2\/product_brand?post=40118"},{"taxonomy":"product_cat","embeddable":true,"href":"https:\/\/www.hirtenberg-apotheke.at\/katalog\/wp-json\/wp\/v2\/product_cat?post=40118"},{"taxonomy":"product_tag","embeddable":true,"href":"https:\/\/www.hirtenberg-apotheke.at\/katalog\/wp-json\/wp\/v2\/product_tag?post=40118"}],"curies":[{"name":"wp","href":"https:\/\/api.w.org\/{rel}","templated":true}]}}