{"id":40202,"date":"2025-11-26T07:52:21","date_gmt":"2025-11-26T06:52:21","guid":{"rendered":"https:\/\/www.hirtenberg-apotheke.at\/katalog\/produkt\/guarana-pulver\/"},"modified":"2025-11-26T08:01:07","modified_gmt":"2025-11-26T07:01:07","slug":"guarana-pulver","status":"publish","type":"product","link":"https:\/\/www.hirtenberg-apotheke.at\/katalog\/produkt\/guarana-pulver\/","title":{"rendered":"Guarana Pulver"},"content":{"rendered":"<p>Gall Pharma Guarana Pulver befl\u00fcgelt K\u00f6rper und Geist. Es l\u00e4sst sich gut teel\u00f6ffelweise in Joghurt, Buttermilch, Milch, Orangensaft, Fruchts\u00e4fte aller Art oder isotonische Getr\u00e4nke einr\u00fchren. Insbesondere f\u00fcr Sportler stellt Guarana eine Quelle f\u00fcr Energie und Ausdauer dar.Jetzt bestellen!<\/p>\n","protected":false},"excerpt":{"rendered":"<p>Gall Pharma Guarana Pulver befl\u00fcgelt K\u00f6rper und Geist. Es l\u00e4sst sich gut teel\u00f6ffelweise in Joghurt, Buttermilch, Milch, Orangensaft, Fruchts\u00e4fte aller Art oder isotonische Getr\u00e4nke einr\u00fchren. Insbesondere f\u00fcr Sportler stellt Guarana eine Quelle f\u00fcr Energie und Ausdauer dar.Jetzt bestellen!<\/p>\n","protected":false},"featured_media":0,"template":"","meta":{"_acf_changed":false},"product_brand":[316],"product_cat":[328],"product_tag":[],"class_list":{"0":"post-40202","1":"product","2":"type-product","3":"status-publish","5":"product_brand-gall-pharma","6":"product_cat-g","7":"pa_packungsgroesse-100g","8":"pa_packungsgroesse-50g","10":"first","11":"instock","12":"shipping-taxable","13":"purchasable","14":"product-type-simple"},"acf":[],"_links":{"self":[{"href":"https:\/\/www.hirtenberg-apotheke.at\/katalog\/wp-json\/wp\/v2\/product\/40202","targetHints":{"allow":["GET"]}}],"collection":[{"href":"https:\/\/www.hirtenberg-apotheke.at\/katalog\/wp-json\/wp\/v2\/product"}],"about":[{"href":"https:\/\/www.hirtenberg-apotheke.at\/katalog\/wp-json\/wp\/v2\/types\/product"}],"wp:attachment":[{"href":"https:\/\/www.hirtenberg-apotheke.at\/katalog\/wp-json\/wp\/v2\/media?parent=40202"}],"wp:term":[{"taxonomy":"product_brand","embeddable":true,"href":"https:\/\/www.hirtenberg-apotheke.at\/katalog\/wp-json\/wp\/v2\/product_brand?post=40202"},{"taxonomy":"product_cat","embeddable":true,"href":"https:\/\/www.hirtenberg-apotheke.at\/katalog\/wp-json\/wp\/v2\/product_cat?post=40202"},{"taxonomy":"product_tag","embeddable":true,"href":"https:\/\/www.hirtenberg-apotheke.at\/katalog\/wp-json\/wp\/v2\/product_tag?post=40202"}],"curies":[{"name":"wp","href":"https:\/\/api.w.org\/{rel}","templated":true}]}}