{"id":40204,"date":"2025-11-26T07:52:42","date_gmt":"2025-11-26T06:52:42","guid":{"rendered":"https:\/\/www.hirtenberg-apotheke.at\/katalog\/produkt\/life-light-spirulina-zink-tabletten-90-stk\/"},"modified":"2025-11-26T07:52:44","modified_gmt":"2025-11-26T06:52:44","slug":"life-light-spirulina-zink-tabletten-90-stk","status":"publish","type":"product","link":"https:\/\/www.hirtenberg-apotheke.at\/katalog\/produkt\/life-light-spirulina-zink-tabletten-90-stk\/","title":{"rendered":"Life Light Spirulina Zink Tabletten 90 Stk."},"content":{"rendered":"<p>Spirulina Zink Tabletten enthalten organisch gebundenes Chlorophyll, Vitamin B12 und nat\u00fcrlich vorkommendes Zink. Vitamin B12 tr\u00e4gt zu einer normalen Funktion des Nervensystems, einer normalen Bildung roter Blutk\u00f6rperchen und einer Verringerung von M\u00fcdigkeit und Erm\u00fcdung bei. Zink leistet einen Beitrag zur Erhaltung normaler Haut, Haare, N\u00e4gel und Knochen.<\/p>\n","protected":false},"excerpt":{"rendered":"<p>Spirulina Zink Tabletten enthalten organisch gebundenes Chlorophyll, Vitamin B12 und nat\u00fcrlich vorkommendes Zink. Vitamin B12 tr\u00e4gt zu einer normalen Funktion des Nervensystems, einer normalen Bildung roter Blutk\u00f6rperchen und einer Verringerung von M\u00fcdigkeit und Erm\u00fcdung bei. Zink leistet einen Beitrag zur Erhaltung normaler Haut, Haare, N\u00e4gel und Knochen.<\/p>\n","protected":false},"featured_media":0,"template":"","meta":{"_acf_changed":false},"product_brand":[],"product_cat":[317],"product_tag":[],"class_list":{"0":"post-40204","1":"product","2":"type-product","3":"status-publish","5":"product_cat-l","6":"pa_packungsgroesse-90-stueck","8":"first","9":"instock","10":"shipping-taxable","11":"purchasable","12":"product-type-simple"},"acf":[],"_links":{"self":[{"href":"https:\/\/www.hirtenberg-apotheke.at\/katalog\/wp-json\/wp\/v2\/product\/40204","targetHints":{"allow":["GET"]}}],"collection":[{"href":"https:\/\/www.hirtenberg-apotheke.at\/katalog\/wp-json\/wp\/v2\/product"}],"about":[{"href":"https:\/\/www.hirtenberg-apotheke.at\/katalog\/wp-json\/wp\/v2\/types\/product"}],"wp:attachment":[{"href":"https:\/\/www.hirtenberg-apotheke.at\/katalog\/wp-json\/wp\/v2\/media?parent=40204"}],"wp:term":[{"taxonomy":"product_brand","embeddable":true,"href":"https:\/\/www.hirtenberg-apotheke.at\/katalog\/wp-json\/wp\/v2\/product_brand?post=40204"},{"taxonomy":"product_cat","embeddable":true,"href":"https:\/\/www.hirtenberg-apotheke.at\/katalog\/wp-json\/wp\/v2\/product_cat?post=40204"},{"taxonomy":"product_tag","embeddable":true,"href":"https:\/\/www.hirtenberg-apotheke.at\/katalog\/wp-json\/wp\/v2\/product_tag?post=40204"}],"curies":[{"name":"wp","href":"https:\/\/api.w.org\/{rel}","templated":true}]}}