{"id":40260,"date":"2025-11-26T07:53:40","date_gmt":"2025-11-26T06:53:40","guid":{"rendered":"https:\/\/www.hirtenberg-apotheke.at\/katalog\/produkt\/espara-gehirn-power-kapseln-60-stk\/"},"modified":"2025-11-26T07:53:58","modified_gmt":"2025-11-26T06:53:58","slug":"espara-gehirn-power-kapseln-60-stk","status":"publish","type":"product","link":"https:\/\/www.hirtenberg-apotheke.at\/katalog\/produkt\/espara-gehirn-power-kapseln-60-stk\/","title":{"rendered":"Espara Gehirn-Power Kapseln 60 Stk."},"content":{"rendered":"<p>Nahrungserg\u00e4nzungsmittel mit der besonderen Kombination von Phosphatidylserin, Phosphatidylcholin und L-Glutamin. Zur Unterst\u00fctzung von Konzentration und Lernf\u00e4higkeit.<\/p>\n","protected":false},"excerpt":{"rendered":"<p>Nahrungserg\u00e4nzungsmittel mit der besonderen Kombination von Phosphatidylserin, Phosphatidylcholin und L-Glutamin. Zur Unterst\u00fctzung von Konzentration und Lernf\u00e4higkeit.<\/p>\n","protected":false},"featured_media":0,"template":"","meta":{"_acf_changed":false},"product_brand":[341],"product_cat":[307],"product_tag":[],"class_list":{"0":"post-40260","1":"product","2":"type-product","3":"status-publish","5":"product_brand-espara","6":"product_cat-e","7":"pa_packungsgroesse-60-stueck","9":"first","10":"instock","11":"shipping-taxable","12":"purchasable","13":"product-type-simple"},"acf":[],"_links":{"self":[{"href":"https:\/\/www.hirtenberg-apotheke.at\/katalog\/wp-json\/wp\/v2\/product\/40260","targetHints":{"allow":["GET"]}}],"collection":[{"href":"https:\/\/www.hirtenberg-apotheke.at\/katalog\/wp-json\/wp\/v2\/product"}],"about":[{"href":"https:\/\/www.hirtenberg-apotheke.at\/katalog\/wp-json\/wp\/v2\/types\/product"}],"wp:attachment":[{"href":"https:\/\/www.hirtenberg-apotheke.at\/katalog\/wp-json\/wp\/v2\/media?parent=40260"}],"wp:term":[{"taxonomy":"product_brand","embeddable":true,"href":"https:\/\/www.hirtenberg-apotheke.at\/katalog\/wp-json\/wp\/v2\/product_brand?post=40260"},{"taxonomy":"product_cat","embeddable":true,"href":"https:\/\/www.hirtenberg-apotheke.at\/katalog\/wp-json\/wp\/v2\/product_cat?post=40260"},{"taxonomy":"product_tag","embeddable":true,"href":"https:\/\/www.hirtenberg-apotheke.at\/katalog\/wp-json\/wp\/v2\/product_tag?post=40260"}],"curies":[{"name":"wp","href":"https:\/\/api.w.org\/{rel}","templated":true}]}}