{"id":40303,"date":"2025-11-26T07:54:32","date_gmt":"2025-11-26T06:54:32","guid":{"rendered":"https:\/\/www.hirtenberg-apotheke.at\/katalog\/produkt\/coenzym-q10-fluessig\/"},"modified":"2025-11-26T07:54:54","modified_gmt":"2025-11-26T06:54:54","slug":"coenzym-q10-fluessig","status":"publish","type":"product","link":"https:\/\/www.hirtenberg-apotheke.at\/katalog\/produkt\/coenzym-q10-fluessig\/","title":{"rendered":"Coenzym Q10 fl\u00fcssig"},"content":{"rendered":"<p>Gall Pharma Q10 Coenzym fl\u00fcssig ist 100% reines, naturidentes Q-10, enth\u00e4lt nur trans-Q10 und ist frei von synthetischen cis-Isomeren. Es entspricht dem k\u00f6rpereigenen Coenzym Q10. Die fl\u00fcssige Darreichungsform erm\u00f6glicht eine angenehme Einnahme und damit Erg\u00e4nzung des t\u00e4glichen Tagesbedarfs um Defizite auszugleichen.Jetzt bestellen und je 1 Tagesportion Orthomol Immun gratis erhalten!<\/p>\n","protected":false},"excerpt":{"rendered":"<p>Gall Pharma Q10 Coenzym fl\u00fcssig ist 100% reines, naturidentes Q-10, enth\u00e4lt nur trans-Q10 und ist frei von synthetischen cis-Isomeren. Es entspricht dem k\u00f6rpereigenen Coenzym Q10. Die fl\u00fcssige Darreichungsform erm\u00f6glicht eine angenehme Einnahme und damit Erg\u00e4nzung des t\u00e4glichen Tagesbedarfs um Defizite auszugleichen.Jetzt bestellen und je 1 Tagesportion Orthomol Immun gratis erhalten!<\/p>\n","protected":false},"featured_media":0,"template":"","meta":{"_acf_changed":false},"product_brand":[316],"product_cat":[337],"product_tag":[],"class_list":{"0":"post-40303","1":"product","2":"type-product","3":"status-publish","5":"product_brand-gall-pharma","6":"product_cat-c","7":"pa_packungsgroesse-50ml","9":"first","10":"instock","11":"shipping-taxable","12":"purchasable","13":"product-type-simple"},"acf":[],"_links":{"self":[{"href":"https:\/\/www.hirtenberg-apotheke.at\/katalog\/wp-json\/wp\/v2\/product\/40303","targetHints":{"allow":["GET"]}}],"collection":[{"href":"https:\/\/www.hirtenberg-apotheke.at\/katalog\/wp-json\/wp\/v2\/product"}],"about":[{"href":"https:\/\/www.hirtenberg-apotheke.at\/katalog\/wp-json\/wp\/v2\/types\/product"}],"wp:attachment":[{"href":"https:\/\/www.hirtenberg-apotheke.at\/katalog\/wp-json\/wp\/v2\/media?parent=40303"}],"wp:term":[{"taxonomy":"product_brand","embeddable":true,"href":"https:\/\/www.hirtenberg-apotheke.at\/katalog\/wp-json\/wp\/v2\/product_brand?post=40303"},{"taxonomy":"product_cat","embeddable":true,"href":"https:\/\/www.hirtenberg-apotheke.at\/katalog\/wp-json\/wp\/v2\/product_cat?post=40303"},{"taxonomy":"product_tag","embeddable":true,"href":"https:\/\/www.hirtenberg-apotheke.at\/katalog\/wp-json\/wp\/v2\/product_tag?post=40303"}],"curies":[{"name":"wp","href":"https:\/\/api.w.org\/{rel}","templated":true}]}}