{"id":40325,"date":"2025-11-26T07:55:05","date_gmt":"2025-11-26T06:55:05","guid":{"rendered":"https:\/\/www.hirtenberg-apotheke.at\/katalog\/produkt\/life-light-acerola-vitamin-c-lutschtabletten-120-stk\/"},"modified":"2025-11-26T07:55:24","modified_gmt":"2025-11-26T06:55:24","slug":"life-light-acerola-vitamin-c-lutschtabletten-120-stk","status":"publish","type":"product","link":"https:\/\/www.hirtenberg-apotheke.at\/katalog\/produkt\/life-light-acerola-vitamin-c-lutschtabletten-120-stk\/","title":{"rendered":"Life Light Acerola Vitamin C Lutschtabletten 120 Stk."},"content":{"rendered":"<p>Life Light Acerola Vitamin C Lutschtabletten enthalten nur nat\u00fcrliches Vitamin C aus der Acerola-Kirsche. Vitamin C tr\u00e4gt zu einer normalen Kollagenbildung f\u00fcr normale Funktionen der Haut, des Zahnfleischs, der Z\u00e4hne, der Knochen und der Knorpel bei. Das Vitamin erh\u00f6ht zudem die Eisenaufnahme und sch\u00fctzt Zellen vor oxidativem Stress. Vitamin C tr\u00e4gt zu einer normalen Funktion des Nerven- und Immunsystems bei.<\/p>\n","protected":false},"excerpt":{"rendered":"<p>Life Light Acerola Vitamin C Lutschtabletten enthalten nur nat\u00fcrliches Vitamin C aus der Acerola-Kirsche. Vitamin C tr\u00e4gt zu einer normalen Kollagenbildung f\u00fcr normale Funktionen der Haut, des Zahnfleischs, der Z\u00e4hne, der Knochen und der Knorpel bei. Das Vitamin erh\u00f6ht zudem die Eisenaufnahme und sch\u00fctzt Zellen vor oxidativem Stress. Vitamin C tr\u00e4gt zu einer normalen Funktion [&hellip;]<\/p>\n","protected":false},"featured_media":0,"template":"","meta":{"_acf_changed":false},"product_brand":[],"product_cat":[317],"product_tag":[],"class_list":{"0":"post-40325","1":"product","2":"type-product","3":"status-publish","5":"product_cat-l","6":"pa_packungsgroesse-120-stueck","8":"first","9":"instock","10":"shipping-taxable","11":"purchasable","12":"product-type-simple"},"acf":[],"_links":{"self":[{"href":"https:\/\/www.hirtenberg-apotheke.at\/katalog\/wp-json\/wp\/v2\/product\/40325","targetHints":{"allow":["GET"]}}],"collection":[{"href":"https:\/\/www.hirtenberg-apotheke.at\/katalog\/wp-json\/wp\/v2\/product"}],"about":[{"href":"https:\/\/www.hirtenberg-apotheke.at\/katalog\/wp-json\/wp\/v2\/types\/product"}],"wp:attachment":[{"href":"https:\/\/www.hirtenberg-apotheke.at\/katalog\/wp-json\/wp\/v2\/media?parent=40325"}],"wp:term":[{"taxonomy":"product_brand","embeddable":true,"href":"https:\/\/www.hirtenberg-apotheke.at\/katalog\/wp-json\/wp\/v2\/product_brand?post=40325"},{"taxonomy":"product_cat","embeddable":true,"href":"https:\/\/www.hirtenberg-apotheke.at\/katalog\/wp-json\/wp\/v2\/product_cat?post=40325"},{"taxonomy":"product_tag","embeddable":true,"href":"https:\/\/www.hirtenberg-apotheke.at\/katalog\/wp-json\/wp\/v2\/product_tag?post=40325"}],"curies":[{"name":"wp","href":"https:\/\/api.w.org\/{rel}","templated":true}]}}