{"id":40336,"date":"2025-11-26T07:55:05","date_gmt":"2025-11-26T06:55:05","guid":{"rendered":"https:\/\/www.hirtenberg-apotheke.at\/katalog\/produkt\/afa-uralgen-tabletten-120-stk\/"},"modified":"2025-11-26T07:55:49","modified_gmt":"2025-11-26T06:55:49","slug":"afa-uralgen-tabletten-120-stk","status":"publish","type":"product","link":"https:\/\/www.hirtenberg-apotheke.at\/katalog\/produkt\/afa-uralgen-tabletten-120-stk\/","title":{"rendered":"Afa Uralgen Tabletten 120 Stk."},"content":{"rendered":"<p>Afa Uralgen Tabletten sind Tabletten, welche aus den blaugr\u00fcnen Mikroalgen Aphanizomenon Flos Aquae (= &#8222;wildwachsende Blume des Wassers&#8220;), auch &#8222;Klamath Algen&#8220; genannt, bestehen. Afa Algen enthalten fast 70 % hochwertiges, pflanzliches Eiwei\u00df, essentielle Vitamine, Mineralstoffe und wertvolle sekund\u00e4re Pflanzenstoffe wie Phycocyanin und Chlorophyll und versorgen so Ihren K\u00f6rper mit den wertvollsten Stoffen.<\/p>\n","protected":false},"excerpt":{"rendered":"<p>Afa Uralgen Tabletten sind Tabletten, welche aus den blaugr\u00fcnen Mikroalgen Aphanizomenon Flos Aquae (= &#8222;wildwachsende Blume des Wassers&#8220;), auch &#8222;Klamath Algen&#8220; genannt, bestehen. Afa Algen enthalten fast 70 % hochwertiges, pflanzliches Eiwei\u00df, essentielle Vitamine, Mineralstoffe und wertvolle sekund\u00e4re Pflanzenstoffe wie Phycocyanin und Chlorophyll und versorgen so Ihren K\u00f6rper mit den wertvollsten Stoffen.<\/p>\n","protected":false},"featured_media":40338,"template":"","meta":{"_acf_changed":false},"product_brand":[],"product_cat":[299],"product_tag":[],"class_list":{"0":"post-40336","1":"product","2":"type-product","3":"status-publish","4":"has-post-thumbnail","6":"product_cat-a","7":"pa_packungsgroesse-120-stueck","9":"first","10":"instock","11":"shipping-taxable","12":"purchasable","13":"product-type-simple"},"acf":[],"_links":{"self":[{"href":"https:\/\/www.hirtenberg-apotheke.at\/katalog\/wp-json\/wp\/v2\/product\/40336","targetHints":{"allow":["GET"]}}],"collection":[{"href":"https:\/\/www.hirtenberg-apotheke.at\/katalog\/wp-json\/wp\/v2\/product"}],"about":[{"href":"https:\/\/www.hirtenberg-apotheke.at\/katalog\/wp-json\/wp\/v2\/types\/product"}],"wp:featuredmedia":[{"embeddable":true,"href":"https:\/\/www.hirtenberg-apotheke.at\/katalog\/wp-json\/wp\/v2\/media\/40338"}],"wp:attachment":[{"href":"https:\/\/www.hirtenberg-apotheke.at\/katalog\/wp-json\/wp\/v2\/media?parent=40336"}],"wp:term":[{"taxonomy":"product_brand","embeddable":true,"href":"https:\/\/www.hirtenberg-apotheke.at\/katalog\/wp-json\/wp\/v2\/product_brand?post=40336"},{"taxonomy":"product_cat","embeddable":true,"href":"https:\/\/www.hirtenberg-apotheke.at\/katalog\/wp-json\/wp\/v2\/product_cat?post=40336"},{"taxonomy":"product_tag","embeddable":true,"href":"https:\/\/www.hirtenberg-apotheke.at\/katalog\/wp-json\/wp\/v2\/product_tag?post=40336"}],"curies":[{"name":"wp","href":"https:\/\/api.w.org\/{rel}","templated":true}]}}