{"id":40345,"date":"2025-11-26T07:55:49","date_gmt":"2025-11-26T06:55:49","guid":{"rendered":"https:\/\/www.hirtenberg-apotheke.at\/katalog\/produkt\/zeinpharma-maca-gold-570-mg-kapseln-180-stk\/"},"modified":"2025-11-26T07:55:52","modified_gmt":"2025-11-26T06:55:52","slug":"zeinpharma-maca-gold-570-mg-kapseln-180-stk","status":"publish","type":"product","link":"https:\/\/www.hirtenberg-apotheke.at\/katalog\/produkt\/zeinpharma-maca-gold-570-mg-kapseln-180-stk\/","title":{"rendered":"ZeinPharma Maca Gold 570 mg Kapseln 180 Stk."},"content":{"rendered":"<p>ZeinPharma Maca Gold 570 mg Kapseln enthalten 100% reines und hochwertiges Extrakt aus der sonnengereiften gelben Maca-Wurzel. Mit der Konzentration 4:1 ist die Dichte an wertvollen Inhaltsstoffen im Extrakt um ein vielfaches h\u00f6her als bei normalem Pulver. Mit dem Zusatz von Vitamin C und Zink unterst\u00fctzen Sie zus\u00e4tzlich Ihr Immunsystem.<\/p>\n","protected":false},"excerpt":{"rendered":"<p>ZeinPharma Maca Gold 570 mg Kapseln enthalten 100% reines und hochwertiges Extrakt aus der sonnengereiften gelben Maca-Wurzel. Mit der Konzentration 4:1 ist die Dichte an wertvollen Inhaltsstoffen im Extrakt um ein vielfaches h\u00f6her als bei normalem Pulver. Mit dem Zusatz von Vitamin C und Zink unterst\u00fctzen Sie zus\u00e4tzlich Ihr Immunsystem.<\/p>\n","protected":false},"featured_media":0,"template":"","meta":{"_acf_changed":false},"product_brand":[],"product_cat":[325],"product_tag":[],"class_list":{"0":"post-40345","1":"product","2":"type-product","3":"status-publish","5":"product_cat-z","6":"pa_packungsgroesse-180-stueck","8":"first","9":"instock","10":"shipping-taxable","11":"purchasable","12":"product-type-simple"},"acf":[],"_links":{"self":[{"href":"https:\/\/www.hirtenberg-apotheke.at\/katalog\/wp-json\/wp\/v2\/product\/40345","targetHints":{"allow":["GET"]}}],"collection":[{"href":"https:\/\/www.hirtenberg-apotheke.at\/katalog\/wp-json\/wp\/v2\/product"}],"about":[{"href":"https:\/\/www.hirtenberg-apotheke.at\/katalog\/wp-json\/wp\/v2\/types\/product"}],"wp:attachment":[{"href":"https:\/\/www.hirtenberg-apotheke.at\/katalog\/wp-json\/wp\/v2\/media?parent=40345"}],"wp:term":[{"taxonomy":"product_brand","embeddable":true,"href":"https:\/\/www.hirtenberg-apotheke.at\/katalog\/wp-json\/wp\/v2\/product_brand?post=40345"},{"taxonomy":"product_cat","embeddable":true,"href":"https:\/\/www.hirtenberg-apotheke.at\/katalog\/wp-json\/wp\/v2\/product_cat?post=40345"},{"taxonomy":"product_tag","embeddable":true,"href":"https:\/\/www.hirtenberg-apotheke.at\/katalog\/wp-json\/wp\/v2\/product_tag?post=40345"}],"curies":[{"name":"wp","href":"https:\/\/api.w.org\/{rel}","templated":true}]}}