{"id":40349,"date":"2025-11-26T07:55:49","date_gmt":"2025-11-26T06:55:49","guid":{"rendered":"https:\/\/www.hirtenberg-apotheke.at\/katalog\/produkt\/pure-encapsulations-glucosamin-complex\/"},"modified":"2025-11-26T07:55:58","modified_gmt":"2025-11-26T06:55:58","slug":"pure-encapsulations-glucosamin-complex","status":"publish","type":"product","link":"https:\/\/www.hirtenberg-apotheke.at\/katalog\/produkt\/pure-encapsulations-glucosamin-complex\/","title":{"rendered":"Pure Encapsulations Glucosamin Complex"},"content":{"rendered":"<p>Glucosamin ist Hauptbestandteil der Knorpelmatrix in denGelenken und den Bandscheiben der Wirbels\u00e4ule. Auch die Gelenksfl\u00fcssigkeit(Gelenkschmiere), die den Knorpel mit N\u00e4hrstoffenversorgt, enth\u00e4lt Glucosamin. Als Ausgangssubstanz f\u00fcr dieBildung der k\u00f6rpereigenen Hyalurons\u00e4ure ist Glucosamin ebensovon Bedeutung. Die Kombination mit Mangan ist ideal. Denn dasSpurenelement unterst\u00fctzt die Bindegewebsbildung und ist alsCoenzym bestimmter Enzyme an der Bildung von Glucosamin undChondroitin im Knorpel beteiligt.<\/p>\n","protected":false},"excerpt":{"rendered":"<p>Glucosamin ist Hauptbestandteil der Knorpelmatrix in denGelenken und den Bandscheiben der Wirbels\u00e4ule. Auch die Gelenksfl\u00fcssigkeit(Gelenkschmiere), die den Knorpel mit N\u00e4hrstoffenversorgt, enth\u00e4lt Glucosamin. Als Ausgangssubstanz f\u00fcr dieBildung der k\u00f6rpereigenen Hyalurons\u00e4ure ist Glucosamin ebensovon Bedeutung. Die Kombination mit Mangan ist ideal. Denn dasSpurenelement unterst\u00fctzt die Bindegewebsbildung und ist alsCoenzym bestimmter Enzyme an der Bildung von Glucosamin undChondroitin [&hellip;]<\/p>\n","protected":false},"featured_media":40351,"template":"","meta":{"_acf_changed":false},"product_brand":[1033],"product_cat":[302],"product_tag":[],"class_list":{"0":"post-40349","1":"product","2":"type-product","3":"status-publish","4":"has-post-thumbnail","6":"product_brand-pure-encapsulations","7":"product_cat-p","8":"pa_packungsgroesse-60-stueck","10":"first","11":"instock","12":"shipping-taxable","13":"purchasable","14":"product-type-simple"},"acf":[],"_links":{"self":[{"href":"https:\/\/www.hirtenberg-apotheke.at\/katalog\/wp-json\/wp\/v2\/product\/40349","targetHints":{"allow":["GET"]}}],"collection":[{"href":"https:\/\/www.hirtenberg-apotheke.at\/katalog\/wp-json\/wp\/v2\/product"}],"about":[{"href":"https:\/\/www.hirtenberg-apotheke.at\/katalog\/wp-json\/wp\/v2\/types\/product"}],"wp:featuredmedia":[{"embeddable":true,"href":"https:\/\/www.hirtenberg-apotheke.at\/katalog\/wp-json\/wp\/v2\/media\/40351"}],"wp:attachment":[{"href":"https:\/\/www.hirtenberg-apotheke.at\/katalog\/wp-json\/wp\/v2\/media?parent=40349"}],"wp:term":[{"taxonomy":"product_brand","embeddable":true,"href":"https:\/\/www.hirtenberg-apotheke.at\/katalog\/wp-json\/wp\/v2\/product_brand?post=40349"},{"taxonomy":"product_cat","embeddable":true,"href":"https:\/\/www.hirtenberg-apotheke.at\/katalog\/wp-json\/wp\/v2\/product_cat?post=40349"},{"taxonomy":"product_tag","embeddable":true,"href":"https:\/\/www.hirtenberg-apotheke.at\/katalog\/wp-json\/wp\/v2\/product_tag?post=40349"}],"curies":[{"name":"wp","href":"https:\/\/api.w.org\/{rel}","templated":true}]}}