{"id":40466,"date":"2025-11-26T07:57:59","date_gmt":"2025-11-26T06:57:59","guid":{"rendered":"https:\/\/www.hirtenberg-apotheke.at\/katalog\/produkt\/l-glutamin-500mg-kapseln-2\/"},"modified":"2025-11-26T07:58:19","modified_gmt":"2025-11-26T06:58:19","slug":"l-glutamin-500mg-kapseln-2","status":"publish","type":"product","link":"https:\/\/www.hirtenberg-apotheke.at\/katalog\/produkt\/l-glutamin-500mg-kapseln-2\/","title":{"rendered":"L &#8211; Glutamin 500mg Kapseln"},"content":{"rendered":"<p>Gall Pharma L-Glutamin 500 mg Kapseln 120 Stk. haben eine positive Auswirkung auf die Ged\u00e4chtnis- und Konzentrationsleistung. L-Glutamins\u00e4ure und ihr S\u00e4ureamid sind Energietr\u00e4ger im Immunsystem und im Energiestoffwechsel der Muskulatur. F\u00fcr viele Sportler besteht die zentrale Wirkung von L-Glutamin in der Beschleunigung der Regeneration nach dem Training, es sorgt f\u00fcr sp\u00fcrbar bessere Erholung, vor allem bei hoher Trainingsfrequenz. Dies ist vor allem auf die beg\u00fcnstigte, schnelle Wiederauff\u00fcllung der Glykogen-Speicher zur\u00fcckzuf\u00fchren \u2013 Spitzenprodukte von Gall Pharma jetzt online bestellen und direkt zu Ihnen nach Hause liefern lassen!<\/p>\n","protected":false},"excerpt":{"rendered":"<p>Gall Pharma L-Glutamin 500 mg Kapseln 120 Stk. haben eine positive Auswirkung auf die Ged\u00e4chtnis- und Konzentrationsleistung. L-Glutamins\u00e4ure und ihr S\u00e4ureamid sind Energietr\u00e4ger im Immunsystem und im Energiestoffwechsel der Muskulatur. F\u00fcr viele Sportler besteht die zentrale Wirkung von L-Glutamin in der Beschleunigung der Regeneration nach dem Training, es sorgt f\u00fcr sp\u00fcrbar bessere Erholung, vor allem [&hellip;]<\/p>\n","protected":false},"featured_media":0,"template":"","meta":{"_acf_changed":false},"product_brand":[316],"product_cat":[317],"product_tag":[],"class_list":{"0":"post-40466","1":"product","2":"type-product","3":"status-publish","5":"product_brand-gall-pharma","6":"product_cat-l","7":"pa_packungsgroesse-120-stueck","9":"first","10":"instock","11":"shipping-taxable","12":"purchasable","13":"product-type-simple"},"acf":[],"_links":{"self":[{"href":"https:\/\/www.hirtenberg-apotheke.at\/katalog\/wp-json\/wp\/v2\/product\/40466","targetHints":{"allow":["GET"]}}],"collection":[{"href":"https:\/\/www.hirtenberg-apotheke.at\/katalog\/wp-json\/wp\/v2\/product"}],"about":[{"href":"https:\/\/www.hirtenberg-apotheke.at\/katalog\/wp-json\/wp\/v2\/types\/product"}],"wp:attachment":[{"href":"https:\/\/www.hirtenberg-apotheke.at\/katalog\/wp-json\/wp\/v2\/media?parent=40466"}],"wp:term":[{"taxonomy":"product_brand","embeddable":true,"href":"https:\/\/www.hirtenberg-apotheke.at\/katalog\/wp-json\/wp\/v2\/product_brand?post=40466"},{"taxonomy":"product_cat","embeddable":true,"href":"https:\/\/www.hirtenberg-apotheke.at\/katalog\/wp-json\/wp\/v2\/product_cat?post=40466"},{"taxonomy":"product_tag","embeddable":true,"href":"https:\/\/www.hirtenberg-apotheke.at\/katalog\/wp-json\/wp\/v2\/product_tag?post=40466"}],"curies":[{"name":"wp","href":"https:\/\/api.w.org\/{rel}","templated":true}]}}