{"id":40486,"date":"2025-11-26T07:58:18","date_gmt":"2025-11-26T06:58:18","guid":{"rendered":"https:\/\/www.hirtenberg-apotheke.at\/katalog\/produkt\/terrakraft-trinkextrakt-500-ml\/"},"modified":"2025-11-26T07:58:47","modified_gmt":"2025-11-26T06:58:47","slug":"terrakraft-trinkextrakt-500-ml","status":"publish","type":"product","link":"https:\/\/www.hirtenberg-apotheke.at\/katalog\/produkt\/terrakraft-trinkextrakt-500-ml\/","title":{"rendered":"Terrakraft Trinkextrakt 500 ml"},"content":{"rendered":"<p>Terrakraft Trinkextrakt wirkt u.a. entz\u00fcndungshemmend, schmerzstillend, juckreizstillend, k\u00fchlend, reinigend, antiallergisch und vieles mehr. Sehr gut geeignet bei praktisch allen Hauterkrankungen, Entz\u00fcndungen (auch Gelenkentz\u00fcndungen), Magen- und Darmerkrankungen.<\/p>\n","protected":false},"excerpt":{"rendered":"<p>Terrakraft Trinkextrakt wirkt u.a. entz\u00fcndungshemmend, schmerzstillend, juckreizstillend, k\u00fchlend, reinigend, antiallergisch und vieles mehr. Sehr gut geeignet bei praktisch allen Hauterkrankungen, Entz\u00fcndungen (auch Gelenkentz\u00fcndungen), Magen- und Darmerkrankungen.<\/p>\n","protected":false},"featured_media":40488,"template":"","meta":{"_acf_changed":false},"product_brand":[],"product_cat":[319],"product_tag":[],"class_list":{"0":"post-40486","1":"product","2":"type-product","3":"status-publish","4":"has-post-thumbnail","6":"product_cat-t","7":"pa_packungsgroesse-500ml","9":"first","10":"instock","11":"shipping-taxable","12":"purchasable","13":"product-type-simple"},"acf":[],"_links":{"self":[{"href":"https:\/\/www.hirtenberg-apotheke.at\/katalog\/wp-json\/wp\/v2\/product\/40486","targetHints":{"allow":["GET"]}}],"collection":[{"href":"https:\/\/www.hirtenberg-apotheke.at\/katalog\/wp-json\/wp\/v2\/product"}],"about":[{"href":"https:\/\/www.hirtenberg-apotheke.at\/katalog\/wp-json\/wp\/v2\/types\/product"}],"wp:featuredmedia":[{"embeddable":true,"href":"https:\/\/www.hirtenberg-apotheke.at\/katalog\/wp-json\/wp\/v2\/media\/40488"}],"wp:attachment":[{"href":"https:\/\/www.hirtenberg-apotheke.at\/katalog\/wp-json\/wp\/v2\/media?parent=40486"}],"wp:term":[{"taxonomy":"product_brand","embeddable":true,"href":"https:\/\/www.hirtenberg-apotheke.at\/katalog\/wp-json\/wp\/v2\/product_brand?post=40486"},{"taxonomy":"product_cat","embeddable":true,"href":"https:\/\/www.hirtenberg-apotheke.at\/katalog\/wp-json\/wp\/v2\/product_cat?post=40486"},{"taxonomy":"product_tag","embeddable":true,"href":"https:\/\/www.hirtenberg-apotheke.at\/katalog\/wp-json\/wp\/v2\/product_tag?post=40486"}],"curies":[{"name":"wp","href":"https:\/\/api.w.org\/{rel}","templated":true}]}}