{"id":40522,"date":"2025-11-26T07:58:51","date_gmt":"2025-11-26T06:58:51","guid":{"rendered":"https:\/\/www.hirtenberg-apotheke.at\/katalog\/produkt\/gall-pharma-acerola-kapseln-500mg-60-stk\/"},"modified":"2025-11-26T07:59:23","modified_gmt":"2025-11-26T06:59:23","slug":"gall-pharma-acerola-kapseln-500mg-60-stk","status":"publish","type":"product","link":"https:\/\/www.hirtenberg-apotheke.at\/katalog\/produkt\/gall-pharma-acerola-kapseln-500mg-60-stk\/","title":{"rendered":"Gall Pharma Acerola Kapseln 500mg 60 Stk."},"content":{"rendered":"<p>Acerola 500 mg GPH Kapseln enthalten 500 mg Acerola Fruchtextrakt, das besonders gut geeignet ist dem K\u00f6rper nat\u00fcrliches Vitamin C zu zuf\u00fchren. Vitamin C tr\u00e4gt zu einer normalen Kollagenbildung f\u00fcr eine normale Funktion der Knochen, Haut, Zahnfleisch, Blutgef\u00e4\u00dfe und Knorpelfunktion bei. Au\u00dferdem verringert das Vitamin M\u00fcdigkeit und Erm\u00fcdung, erh\u00f6ht die Eisenaufnahme, tr\u00e4gt zu einem normalen Energiestoffwechsel und zu einer normalen Funktion des Nervensystems und des Immunsystems w\u00e4hrend und nach intensiver k\u00f6rperlicher Bet\u00e4tigung bei.<\/p>\n","protected":false},"excerpt":{"rendered":"<p>Acerola 500 mg GPH Kapseln enthalten 500 mg Acerola Fruchtextrakt, das besonders gut geeignet ist dem K\u00f6rper nat\u00fcrliches Vitamin C zu zuf\u00fchren. Vitamin C tr\u00e4gt zu einer normalen Kollagenbildung f\u00fcr eine normale Funktion der Knochen, Haut, Zahnfleisch, Blutgef\u00e4\u00dfe und Knorpelfunktion bei. Au\u00dferdem verringert das Vitamin M\u00fcdigkeit und Erm\u00fcdung, erh\u00f6ht die Eisenaufnahme, tr\u00e4gt zu einem normalen [&hellip;]<\/p>\n","protected":false},"featured_media":40524,"template":"","meta":{"_acf_changed":false},"product_brand":[316],"product_cat":[328],"product_tag":[],"class_list":{"0":"post-40522","1":"product","2":"type-product","3":"status-publish","4":"has-post-thumbnail","6":"product_brand-gall-pharma","7":"product_cat-g","8":"pa_packungsgroesse-60-stueck","10":"first","11":"instock","12":"shipping-taxable","13":"purchasable","14":"product-type-simple"},"acf":[],"_links":{"self":[{"href":"https:\/\/www.hirtenberg-apotheke.at\/katalog\/wp-json\/wp\/v2\/product\/40522","targetHints":{"allow":["GET"]}}],"collection":[{"href":"https:\/\/www.hirtenberg-apotheke.at\/katalog\/wp-json\/wp\/v2\/product"}],"about":[{"href":"https:\/\/www.hirtenberg-apotheke.at\/katalog\/wp-json\/wp\/v2\/types\/product"}],"wp:featuredmedia":[{"embeddable":true,"href":"https:\/\/www.hirtenberg-apotheke.at\/katalog\/wp-json\/wp\/v2\/media\/40524"}],"wp:attachment":[{"href":"https:\/\/www.hirtenberg-apotheke.at\/katalog\/wp-json\/wp\/v2\/media?parent=40522"}],"wp:term":[{"taxonomy":"product_brand","embeddable":true,"href":"https:\/\/www.hirtenberg-apotheke.at\/katalog\/wp-json\/wp\/v2\/product_brand?post=40522"},{"taxonomy":"product_cat","embeddable":true,"href":"https:\/\/www.hirtenberg-apotheke.at\/katalog\/wp-json\/wp\/v2\/product_cat?post=40522"},{"taxonomy":"product_tag","embeddable":true,"href":"https:\/\/www.hirtenberg-apotheke.at\/katalog\/wp-json\/wp\/v2\/product_tag?post=40522"}],"curies":[{"name":"wp","href":"https:\/\/api.w.org\/{rel}","templated":true}]}}