{"id":40573,"date":"2025-11-26T07:59:52","date_gmt":"2025-11-26T06:59:52","guid":{"rendered":"https:\/\/www.hirtenberg-apotheke.at\/katalog\/produkt\/life-light-kapseln-brain-plus-60-stk\/"},"modified":"2025-11-26T08:00:29","modified_gmt":"2025-11-26T07:00:29","slug":"life-light-kapseln-brain-plus-60-stk","status":"publish","type":"product","link":"https:\/\/www.hirtenberg-apotheke.at\/katalog\/produkt\/life-light-kapseln-brain-plus-60-stk\/","title":{"rendered":"Life Light Kapseln Brain Plus 60 Stk."},"content":{"rendered":"<p>Life Light Kapseln Brain Plus sind ein orthomolekularer Mikron\u00e4hrstoffkomplex mit den Vitaminen B1, B6, B9 und B12 sowie dem Spurenelement Zink, die zu einer normalen psychischen bzw. kognitiven Funktion beitragen. Zink ist ein essentielles Spurenelement und f\u00fcr zahlreiche Prozesse in unserem K\u00f6rper unentbehrlich. So ist die Abwehrfunktion unseres K\u00f6rpers vom Zinkhaushalt abh\u00e4ngig.<\/p>\n","protected":false},"excerpt":{"rendered":"<p>Life Light Kapseln Brain Plus sind ein orthomolekularer Mikron\u00e4hrstoffkomplex mit den Vitaminen B1, B6, B9 und B12 sowie dem Spurenelement Zink, die zu einer normalen psychischen bzw. kognitiven Funktion beitragen. Zink ist ein essentielles Spurenelement und f\u00fcr zahlreiche Prozesse in unserem K\u00f6rper unentbehrlich. So ist die Abwehrfunktion unseres K\u00f6rpers vom Zinkhaushalt abh\u00e4ngig.<\/p>\n","protected":false},"featured_media":0,"template":"","meta":{"_acf_changed":false},"product_brand":[],"product_cat":[317],"product_tag":[],"class_list":{"0":"post-40573","1":"product","2":"type-product","3":"status-publish","5":"product_cat-l","6":"pa_packungsgroesse-60-stueck","8":"first","9":"instock","10":"shipping-taxable","11":"purchasable","12":"product-type-simple"},"acf":[],"_links":{"self":[{"href":"https:\/\/www.hirtenberg-apotheke.at\/katalog\/wp-json\/wp\/v2\/product\/40573","targetHints":{"allow":["GET"]}}],"collection":[{"href":"https:\/\/www.hirtenberg-apotheke.at\/katalog\/wp-json\/wp\/v2\/product"}],"about":[{"href":"https:\/\/www.hirtenberg-apotheke.at\/katalog\/wp-json\/wp\/v2\/types\/product"}],"wp:attachment":[{"href":"https:\/\/www.hirtenberg-apotheke.at\/katalog\/wp-json\/wp\/v2\/media?parent=40573"}],"wp:term":[{"taxonomy":"product_brand","embeddable":true,"href":"https:\/\/www.hirtenberg-apotheke.at\/katalog\/wp-json\/wp\/v2\/product_brand?post=40573"},{"taxonomy":"product_cat","embeddable":true,"href":"https:\/\/www.hirtenberg-apotheke.at\/katalog\/wp-json\/wp\/v2\/product_cat?post=40573"},{"taxonomy":"product_tag","embeddable":true,"href":"https:\/\/www.hirtenberg-apotheke.at\/katalog\/wp-json\/wp\/v2\/product_tag?post=40573"}],"curies":[{"name":"wp","href":"https:\/\/api.w.org\/{rel}","templated":true}]}}