{"id":40674,"date":"2025-11-26T08:02:05","date_gmt":"2025-11-26T07:02:05","guid":{"rendered":"https:\/\/www.hirtenberg-apotheke.at\/katalog\/produkt\/life-light-phsan-mineralkomplex-kapseln-60-stk\/"},"modified":"2025-11-26T08:02:28","modified_gmt":"2025-11-26T07:02:28","slug":"life-light-phsan-mineralkomplex-kapseln-60-stk","status":"publish","type":"product","link":"https:\/\/www.hirtenberg-apotheke.at\/katalog\/produkt\/life-light-phsan-mineralkomplex-kapseln-60-stk\/","title":{"rendered":"Life Light pHsan Mineralkomplex Kapseln 60 Stk."},"content":{"rendered":"<p>Die Life Light pHsan Mineralkomplex Kapseln enthalten eine spezielle Mineralstoffmischung zur orthomolekularen Anwendung, um den Bedarf an diesen Stoffen, bedingt durch psychische und\/oder physische Stressfaktoren sowie durch Umwelteinfl\u00fcsse, zu decken. Sie sind reich an wertvollem Zink f\u00fcr eine normale DNA-Synthese und zur Erhaltung normaler Haut, Haare, N\u00e4gel und Knochen, Mangan f\u00fcr die Bindegewebsbildung und einen normalen Energiestoffwechsel, Selen zur Unterst\u00fctzung der Schilddr\u00fcsenfunktion, Calcium f\u00fcr eine normale Blutgerinnung und Magnesium f\u00fcr eine gesunde Muskelfunktion und einem normalen Elektrolytgleichgewicht. Nahrungserg\u00e4nzungsmittel dienen nicht als Ersatz f\u00fcr eine abwechslungsreiche und ausgewogene Ern\u00e4hrung. Sie sind f\u00fcr Kinder unerreichbar aufzubewahren und die empfohlene Tagesdosis darf nicht \u00fcberschritten werden &#8211; wir f\u00fchren alle Produkte von Apozen zu Sonderpreisen!<\/p>\n","protected":false},"excerpt":{"rendered":"<p>Die Life Light pHsan Mineralkomplex Kapseln enthalten eine spezielle Mineralstoffmischung zur orthomolekularen Anwendung, um den Bedarf an diesen Stoffen, bedingt durch psychische und\/oder physische Stressfaktoren sowie durch Umwelteinfl\u00fcsse, zu decken. Sie sind reich an wertvollem Zink f\u00fcr eine normale DNA-Synthese und zur Erhaltung normaler Haut, Haare, N\u00e4gel und Knochen, Mangan f\u00fcr die Bindegewebsbildung und einen [&hellip;]<\/p>\n","protected":false},"featured_media":40676,"template":"","meta":{"_acf_changed":false},"product_brand":[],"product_cat":[317],"product_tag":[],"class_list":{"0":"post-40674","1":"product","2":"type-product","3":"status-publish","4":"has-post-thumbnail","6":"product_cat-l","7":"pa_packungsgroesse-60-stueck","9":"first","10":"instock","11":"shipping-taxable","12":"purchasable","13":"product-type-simple"},"acf":[],"_links":{"self":[{"href":"https:\/\/www.hirtenberg-apotheke.at\/katalog\/wp-json\/wp\/v2\/product\/40674","targetHints":{"allow":["GET"]}}],"collection":[{"href":"https:\/\/www.hirtenberg-apotheke.at\/katalog\/wp-json\/wp\/v2\/product"}],"about":[{"href":"https:\/\/www.hirtenberg-apotheke.at\/katalog\/wp-json\/wp\/v2\/types\/product"}],"wp:featuredmedia":[{"embeddable":true,"href":"https:\/\/www.hirtenberg-apotheke.at\/katalog\/wp-json\/wp\/v2\/media\/40676"}],"wp:attachment":[{"href":"https:\/\/www.hirtenberg-apotheke.at\/katalog\/wp-json\/wp\/v2\/media?parent=40674"}],"wp:term":[{"taxonomy":"product_brand","embeddable":true,"href":"https:\/\/www.hirtenberg-apotheke.at\/katalog\/wp-json\/wp\/v2\/product_brand?post=40674"},{"taxonomy":"product_cat","embeddable":true,"href":"https:\/\/www.hirtenberg-apotheke.at\/katalog\/wp-json\/wp\/v2\/product_cat?post=40674"},{"taxonomy":"product_tag","embeddable":true,"href":"https:\/\/www.hirtenberg-apotheke.at\/katalog\/wp-json\/wp\/v2\/product_tag?post=40674"}],"curies":[{"name":"wp","href":"https:\/\/api.w.org\/{rel}","templated":true}]}}