{"id":40678,"date":"2025-11-26T08:02:05","date_gmt":"2025-11-26T07:02:05","guid":{"rendered":"https:\/\/www.hirtenberg-apotheke.at\/katalog\/produkt\/gingko-100mg-kapseln\/"},"modified":"2025-11-26T08:07:51","modified_gmt":"2025-11-26T07:07:51","slug":"gingko-100mg-kapseln","status":"publish","type":"product","link":"https:\/\/www.hirtenberg-apotheke.at\/katalog\/produkt\/gingko-100mg-kapseln\/","title":{"rendered":"Gingko 100mg Kapseln"},"content":{"rendered":"<p>Gall Pharma Ginkgo 100 mg Kapseln enthalten 100 mg Ginkgo biloba Bl\u00e4tterextrakt in einer Hartgelatinekapsel. Die im Extrakt enthaltenen Flavonoide sind aktive Stoffe, die die Blutzirkulation in den tiefliegenden kleinen und mittelgro\u00dfen Blutgef\u00e4\u00dfen f\u00f6rdern. Insbesondere die Gehirnzellen empfangen somit mehr Sauerstoff und Zucker, notwendige Faktoren um Energie zu schaffen.<\/p>\n","protected":false},"excerpt":{"rendered":"<p>Gall Pharma Ginkgo 100 mg Kapseln enthalten 100 mg Ginkgo biloba Bl\u00e4tterextrakt in einer Hartgelatinekapsel. Die im Extrakt enthaltenen Flavonoide sind aktive Stoffe, die die Blutzirkulation in den tiefliegenden kleinen und mittelgro\u00dfen Blutgef\u00e4\u00dfen f\u00f6rdern. Insbesondere die Gehirnzellen empfangen somit mehr Sauerstoff und Zucker, notwendige Faktoren um Energie zu schaffen.<\/p>\n","protected":false},"featured_media":0,"template":"","meta":{"_acf_changed":false},"product_brand":[316],"product_cat":[328],"product_tag":[],"class_list":{"0":"post-40678","1":"product","2":"type-product","3":"status-publish","5":"product_brand-gall-pharma","6":"product_cat-g","7":"pa_packungsgroesse-30-stueck","8":"pa_packungsgroesse-60-stueck","10":"first","11":"instock","12":"shipping-taxable","13":"purchasable","14":"product-type-simple"},"acf":[],"_links":{"self":[{"href":"https:\/\/www.hirtenberg-apotheke.at\/katalog\/wp-json\/wp\/v2\/product\/40678","targetHints":{"allow":["GET"]}}],"collection":[{"href":"https:\/\/www.hirtenberg-apotheke.at\/katalog\/wp-json\/wp\/v2\/product"}],"about":[{"href":"https:\/\/www.hirtenberg-apotheke.at\/katalog\/wp-json\/wp\/v2\/types\/product"}],"wp:attachment":[{"href":"https:\/\/www.hirtenberg-apotheke.at\/katalog\/wp-json\/wp\/v2\/media?parent=40678"}],"wp:term":[{"taxonomy":"product_brand","embeddable":true,"href":"https:\/\/www.hirtenberg-apotheke.at\/katalog\/wp-json\/wp\/v2\/product_brand?post=40678"},{"taxonomy":"product_cat","embeddable":true,"href":"https:\/\/www.hirtenberg-apotheke.at\/katalog\/wp-json\/wp\/v2\/product_cat?post=40678"},{"taxonomy":"product_tag","embeddable":true,"href":"https:\/\/www.hirtenberg-apotheke.at\/katalog\/wp-json\/wp\/v2\/product_tag?post=40678"}],"curies":[{"name":"wp","href":"https:\/\/api.w.org\/{rel}","templated":true}]}}