{"id":40695,"date":"2025-11-26T08:02:32","date_gmt":"2025-11-26T07:02:32","guid":{"rendered":"https:\/\/www.hirtenberg-apotheke.at\/katalog\/produkt\/thorne-research-basic-b-compex-kapseln-60-stk\/"},"modified":"2025-11-26T08:02:59","modified_gmt":"2025-11-26T07:02:59","slug":"thorne-research-basic-b-compex-kapseln-60-stk","status":"publish","type":"product","link":"https:\/\/www.hirtenberg-apotheke.at\/katalog\/produkt\/thorne-research-basic-b-compex-kapseln-60-stk\/","title":{"rendered":"Thorne Research Basic B Compex Kapseln 60 Stk."},"content":{"rendered":"<p>Thorne Research Basic B Compex Kapseln 60 Stk. bieten eine Kombination aller B-Vitamine erg\u00e4nzt durch Cholin. Die B-Vitamine liegen f\u00fcr eine gute Bioverf\u00fcgbarkeit in ihren aktiven Formen vor. So k\u00f6nnen mit der Einnahme dieser Kapseln alle Vorteile der B-Vitamin genutzt werden.<\/p>\n","protected":false},"excerpt":{"rendered":"<p>Thorne Research Basic B Compex Kapseln 60 Stk. bieten eine Kombination aller B-Vitamine erg\u00e4nzt durch Cholin. Die B-Vitamine liegen f\u00fcr eine gute Bioverf\u00fcgbarkeit in ihren aktiven Formen vor. So k\u00f6nnen mit der Einnahme dieser Kapseln alle Vorteile der B-Vitamin genutzt werden.<\/p>\n","protected":false},"featured_media":40697,"template":"","meta":{"_acf_changed":false},"product_brand":[],"product_cat":[319],"product_tag":[],"class_list":{"0":"post-40695","1":"product","2":"type-product","3":"status-publish","4":"has-post-thumbnail","6":"product_cat-t","7":"pa_packungsgroesse-60-stueck","9":"first","10":"instock","11":"shipping-taxable","12":"purchasable","13":"product-type-simple"},"acf":[],"_links":{"self":[{"href":"https:\/\/www.hirtenberg-apotheke.at\/katalog\/wp-json\/wp\/v2\/product\/40695","targetHints":{"allow":["GET"]}}],"collection":[{"href":"https:\/\/www.hirtenberg-apotheke.at\/katalog\/wp-json\/wp\/v2\/product"}],"about":[{"href":"https:\/\/www.hirtenberg-apotheke.at\/katalog\/wp-json\/wp\/v2\/types\/product"}],"wp:featuredmedia":[{"embeddable":true,"href":"https:\/\/www.hirtenberg-apotheke.at\/katalog\/wp-json\/wp\/v2\/media\/40697"}],"wp:attachment":[{"href":"https:\/\/www.hirtenberg-apotheke.at\/katalog\/wp-json\/wp\/v2\/media?parent=40695"}],"wp:term":[{"taxonomy":"product_brand","embeddable":true,"href":"https:\/\/www.hirtenberg-apotheke.at\/katalog\/wp-json\/wp\/v2\/product_brand?post=40695"},{"taxonomy":"product_cat","embeddable":true,"href":"https:\/\/www.hirtenberg-apotheke.at\/katalog\/wp-json\/wp\/v2\/product_cat?post=40695"},{"taxonomy":"product_tag","embeddable":true,"href":"https:\/\/www.hirtenberg-apotheke.at\/katalog\/wp-json\/wp\/v2\/product_tag?post=40695"}],"curies":[{"name":"wp","href":"https:\/\/api.w.org\/{rel}","templated":true}]}}