{"id":40757,"date":"2025-11-26T08:03:34","date_gmt":"2025-11-26T07:03:34","guid":{"rendered":"https:\/\/www.hirtenberg-apotheke.at\/katalog\/produkt\/phyto-soya-kapseln\/"},"modified":"2025-11-26T08:04:02","modified_gmt":"2025-11-26T07:04:02","slug":"phyto-soya-kapseln","status":"publish","type":"product","link":"https:\/\/www.hirtenberg-apotheke.at\/katalog\/produkt\/phyto-soya-kapseln\/","title":{"rendered":"Phyto Soya Kapseln"},"content":{"rendered":"<p>Gall Pharma Phyto Soya Kapseln enthalten 35 mg Sojaisoflavone in einer Kapsel zur t\u00e4glichen Nahrungserg\u00e4nzung besonders f\u00fcr Frauen in den Wechseljahren. Soja enth\u00e4lt wertvolle Inhaltsstoffe, die sogenannten Isoflavone, die in anderen Lebensmitteln nicht vorkommen. Diese haben insbesondere auf das Wohlbefinden der Frauen w\u00e4hrend der Wechseljahre eine positive Auswirkung.<\/p>\n","protected":false},"excerpt":{"rendered":"<p>Gall Pharma Phyto Soya Kapseln enthalten 35 mg Sojaisoflavone in einer Kapsel zur t\u00e4glichen Nahrungserg\u00e4nzung besonders f\u00fcr Frauen in den Wechseljahren. Soja enth\u00e4lt wertvolle Inhaltsstoffe, die sogenannten Isoflavone, die in anderen Lebensmitteln nicht vorkommen. Diese haben insbesondere auf das Wohlbefinden der Frauen w\u00e4hrend der Wechseljahre eine positive Auswirkung.<\/p>\n","protected":false},"featured_media":40759,"template":"","meta":{"_acf_changed":false},"product_brand":[316],"product_cat":[302],"product_tag":[],"class_list":{"0":"post-40757","1":"product","2":"type-product","3":"status-publish","4":"has-post-thumbnail","6":"product_brand-gall-pharma","7":"product_cat-p","8":"pa_packungsgroesse-60-stueck","10":"first","11":"instock","12":"shipping-taxable","13":"purchasable","14":"product-type-simple"},"acf":[],"_links":{"self":[{"href":"https:\/\/www.hirtenberg-apotheke.at\/katalog\/wp-json\/wp\/v2\/product\/40757","targetHints":{"allow":["GET"]}}],"collection":[{"href":"https:\/\/www.hirtenberg-apotheke.at\/katalog\/wp-json\/wp\/v2\/product"}],"about":[{"href":"https:\/\/www.hirtenberg-apotheke.at\/katalog\/wp-json\/wp\/v2\/types\/product"}],"wp:featuredmedia":[{"embeddable":true,"href":"https:\/\/www.hirtenberg-apotheke.at\/katalog\/wp-json\/wp\/v2\/media\/40759"}],"wp:attachment":[{"href":"https:\/\/www.hirtenberg-apotheke.at\/katalog\/wp-json\/wp\/v2\/media?parent=40757"}],"wp:term":[{"taxonomy":"product_brand","embeddable":true,"href":"https:\/\/www.hirtenberg-apotheke.at\/katalog\/wp-json\/wp\/v2\/product_brand?post=40757"},{"taxonomy":"product_cat","embeddable":true,"href":"https:\/\/www.hirtenberg-apotheke.at\/katalog\/wp-json\/wp\/v2\/product_cat?post=40757"},{"taxonomy":"product_tag","embeddable":true,"href":"https:\/\/www.hirtenberg-apotheke.at\/katalog\/wp-json\/wp\/v2\/product_tag?post=40757"}],"curies":[{"name":"wp","href":"https:\/\/api.w.org\/{rel}","templated":true}]}}