{"id":40847,"date":"2025-11-26T08:05:36","date_gmt":"2025-11-26T07:05:36","guid":{"rendered":"https:\/\/www.hirtenberg-apotheke.at\/katalog\/produkt\/vitaking-vitamin-k2-menaquinone-30-stk-90mcg\/"},"modified":"2025-11-26T08:05:47","modified_gmt":"2025-11-26T07:05:47","slug":"vitaking-vitamin-k2-menaquinone-30-stk-90mcg","status":"publish","type":"product","link":"https:\/\/www.hirtenberg-apotheke.at\/katalog\/produkt\/vitaking-vitamin-k2-menaquinone-30-stk-90mcg\/","title":{"rendered":"Vitaking Vitamin K2 Menaquinone 30 Stk. 90mcg"},"content":{"rendered":"<p>Vitaking Gmbh bietet f\u00fcr jede Altersklasse und f\u00fcr beide Geschlechter jeweils die genau richtige Zusammensetzung von Vitaminen und N\u00e4hrstoffen<\/p>\n","protected":false},"excerpt":{"rendered":"<p>Vitaking Gmbh bietet f\u00fcr jede Altersklasse und f\u00fcr beide Geschlechter jeweils die genau richtige Zusammensetzung von Vitaminen und N\u00e4hrstoffen<\/p>\n","protected":false},"featured_media":40849,"template":"","meta":{"_acf_changed":false},"product_brand":[],"product_cat":[300],"product_tag":[],"class_list":{"0":"post-40847","1":"product","2":"type-product","3":"status-publish","4":"has-post-thumbnail","6":"product_cat-v","7":"pa_packungsgroesse-30-stueck","9":"first","10":"instock","11":"shipping-taxable","12":"purchasable","13":"product-type-simple"},"acf":[],"_links":{"self":[{"href":"https:\/\/www.hirtenberg-apotheke.at\/katalog\/wp-json\/wp\/v2\/product\/40847","targetHints":{"allow":["GET"]}}],"collection":[{"href":"https:\/\/www.hirtenberg-apotheke.at\/katalog\/wp-json\/wp\/v2\/product"}],"about":[{"href":"https:\/\/www.hirtenberg-apotheke.at\/katalog\/wp-json\/wp\/v2\/types\/product"}],"wp:featuredmedia":[{"embeddable":true,"href":"https:\/\/www.hirtenberg-apotheke.at\/katalog\/wp-json\/wp\/v2\/media\/40849"}],"wp:attachment":[{"href":"https:\/\/www.hirtenberg-apotheke.at\/katalog\/wp-json\/wp\/v2\/media?parent=40847"}],"wp:term":[{"taxonomy":"product_brand","embeddable":true,"href":"https:\/\/www.hirtenberg-apotheke.at\/katalog\/wp-json\/wp\/v2\/product_brand?post=40847"},{"taxonomy":"product_cat","embeddable":true,"href":"https:\/\/www.hirtenberg-apotheke.at\/katalog\/wp-json\/wp\/v2\/product_cat?post=40847"},{"taxonomy":"product_tag","embeddable":true,"href":"https:\/\/www.hirtenberg-apotheke.at\/katalog\/wp-json\/wp\/v2\/product_tag?post=40847"}],"curies":[{"name":"wp","href":"https:\/\/api.w.org\/{rel}","templated":true}]}}