{"id":40862,"date":"2025-11-26T08:05:36","date_gmt":"2025-11-26T07:05:36","guid":{"rendered":"https:\/\/www.hirtenberg-apotheke.at\/katalog\/produkt\/abtei-lecithin-plus-vitamine-kapseln-40-stk\/"},"modified":"2025-11-26T08:06:03","modified_gmt":"2025-11-26T07:06:03","slug":"abtei-lecithin-plus-vitamine-kapseln-40-stk","status":"publish","type":"product","link":"https:\/\/www.hirtenberg-apotheke.at\/katalog\/produkt\/abtei-lecithin-plus-vitamine-kapseln-40-stk\/","title":{"rendered":"Abtei Lecithin plus Vitamine Kapseln 40 Stk."},"content":{"rendered":"<p>Abtei Lecithin plus Vitamine Kapseln unterst\u00fctzen mit ausgew\u00e4hlten B-Vitaminen, wie den Vitaminen B2 und B12, einen normalen Energiesto\u2013wechsel und tragen zur geistigen und k\u00f6rperlichen Vitalit\u00e4t bei. Die Inhaltsstoffe Fols\u00e4ure und Niacin bek\u00e4mpfen zudem M\u00fcdigkeit und Ersch\u00f6pfung. F\u00fcr mehr Energie und Leistungsf\u00e4higkeit.<\/p>\n","protected":false},"excerpt":{"rendered":"<p>Abtei Lecithin plus Vitamine Kapseln unterst\u00fctzen mit ausgew\u00e4hlten B-Vitaminen, wie den Vitaminen B2 und B12, einen normalen Energiesto\u2013wechsel und tragen zur geistigen und k\u00f6rperlichen Vitalit\u00e4t bei. Die Inhaltsstoffe Fols\u00e4ure und Niacin bek\u00e4mpfen zudem M\u00fcdigkeit und Ersch\u00f6pfung. F\u00fcr mehr Energie und Leistungsf\u00e4higkeit.<\/p>\n","protected":false},"featured_media":40864,"template":"","meta":{"_acf_changed":false},"product_brand":[464],"product_cat":[299],"product_tag":[],"class_list":{"0":"post-40862","1":"product","2":"type-product","3":"status-publish","4":"has-post-thumbnail","6":"product_brand-abtei","7":"product_cat-a","8":"pa_packungsgroesse-40-stueck","10":"first","11":"instock","12":"shipping-taxable","13":"purchasable","14":"product-type-simple"},"acf":[],"_links":{"self":[{"href":"https:\/\/www.hirtenberg-apotheke.at\/katalog\/wp-json\/wp\/v2\/product\/40862","targetHints":{"allow":["GET"]}}],"collection":[{"href":"https:\/\/www.hirtenberg-apotheke.at\/katalog\/wp-json\/wp\/v2\/product"}],"about":[{"href":"https:\/\/www.hirtenberg-apotheke.at\/katalog\/wp-json\/wp\/v2\/types\/product"}],"wp:featuredmedia":[{"embeddable":true,"href":"https:\/\/www.hirtenberg-apotheke.at\/katalog\/wp-json\/wp\/v2\/media\/40864"}],"wp:attachment":[{"href":"https:\/\/www.hirtenberg-apotheke.at\/katalog\/wp-json\/wp\/v2\/media?parent=40862"}],"wp:term":[{"taxonomy":"product_brand","embeddable":true,"href":"https:\/\/www.hirtenberg-apotheke.at\/katalog\/wp-json\/wp\/v2\/product_brand?post=40862"},{"taxonomy":"product_cat","embeddable":true,"href":"https:\/\/www.hirtenberg-apotheke.at\/katalog\/wp-json\/wp\/v2\/product_cat?post=40862"},{"taxonomy":"product_tag","embeddable":true,"href":"https:\/\/www.hirtenberg-apotheke.at\/katalog\/wp-json\/wp\/v2\/product_tag?post=40862"}],"curies":[{"name":"wp","href":"https:\/\/api.w.org\/{rel}","templated":true}]}}