{"id":40930,"date":"2025-11-26T08:06:58","date_gmt":"2025-11-26T07:06:58","guid":{"rendered":"https:\/\/www.hirtenberg-apotheke.at\/katalog\/produkt\/coenzym-q10-kapseln-200mg\/"},"modified":"2025-11-26T08:07:15","modified_gmt":"2025-11-26T07:07:15","slug":"coenzym-q10-kapseln-200mg","status":"publish","type":"product","link":"https:\/\/www.hirtenberg-apotheke.at\/katalog\/produkt\/coenzym-q10-kapseln-200mg\/","title":{"rendered":"Coenzym Q10 Kapseln 200mg"},"content":{"rendered":"<p>Coenzym Q-10 ist nicht nur ein unentbehrlicher Energielieferant, sondern \u00fcbernimmt auch wichtige Schutzfunktionen f\u00fcr den menschlichen K\u00f6rper.<\/p>\n","protected":false},"excerpt":{"rendered":"<p>Coenzym Q-10 ist nicht nur ein unentbehrlicher Energielieferant, sondern \u00fcbernimmt auch wichtige Schutzfunktionen f\u00fcr den menschlichen K\u00f6rper.<\/p>\n","protected":false},"featured_media":0,"template":"","meta":{"_acf_changed":false},"product_brand":[316],"product_cat":[337],"product_tag":[],"class_list":{"0":"post-40930","1":"product","2":"type-product","3":"status-publish","5":"product_brand-gall-pharma","6":"product_cat-c","7":"pa_packungsgroesse-60-stueck","9":"first","10":"instock","11":"shipping-taxable","12":"purchasable","13":"product-type-simple"},"acf":[],"_links":{"self":[{"href":"https:\/\/www.hirtenberg-apotheke.at\/katalog\/wp-json\/wp\/v2\/product\/40930","targetHints":{"allow":["GET"]}}],"collection":[{"href":"https:\/\/www.hirtenberg-apotheke.at\/katalog\/wp-json\/wp\/v2\/product"}],"about":[{"href":"https:\/\/www.hirtenberg-apotheke.at\/katalog\/wp-json\/wp\/v2\/types\/product"}],"wp:attachment":[{"href":"https:\/\/www.hirtenberg-apotheke.at\/katalog\/wp-json\/wp\/v2\/media?parent=40930"}],"wp:term":[{"taxonomy":"product_brand","embeddable":true,"href":"https:\/\/www.hirtenberg-apotheke.at\/katalog\/wp-json\/wp\/v2\/product_brand?post=40930"},{"taxonomy":"product_cat","embeddable":true,"href":"https:\/\/www.hirtenberg-apotheke.at\/katalog\/wp-json\/wp\/v2\/product_cat?post=40930"},{"taxonomy":"product_tag","embeddable":true,"href":"https:\/\/www.hirtenberg-apotheke.at\/katalog\/wp-json\/wp\/v2\/product_tag?post=40930"}],"curies":[{"name":"wp","href":"https:\/\/api.w.org\/{rel}","templated":true}]}}