{"id":40975,"date":"2025-11-26T08:07:57","date_gmt":"2025-11-26T07:07:57","guid":{"rendered":"https:\/\/www.hirtenberg-apotheke.at\/katalog\/produkt\/life-light-zink-kapseln-120-stk\/"},"modified":"2025-11-26T08:08:04","modified_gmt":"2025-11-26T07:08:04","slug":"life-light-zink-kapseln-120-stk","status":"publish","type":"product","link":"https:\/\/www.hirtenberg-apotheke.at\/katalog\/produkt\/life-light-zink-kapseln-120-stk\/","title":{"rendered":"Life Light Zink Kapseln 120 Stk."},"content":{"rendered":"<p>Life Light Zink Kapseln enthalten das essentielle Spurenelement Zink in organisch gebundener Form. Zink tr\u00e4gt zu einer normalen kognitiven Funktion, einer normalen DNA-Synthese sowie zur Erhaltung normaler Haut, Haare, N\u00e4gel und Knochen bei. Au\u00dferdem ist es wichtig f\u00fcr einen normalen Stoffwechsel des Vitamin A, der Fetts\u00e4uren sowie der Kohlenhydrate.<\/p>\n","protected":false},"excerpt":{"rendered":"<p>Life Light Zink Kapseln enthalten das essentielle Spurenelement Zink in organisch gebundener Form. Zink tr\u00e4gt zu einer normalen kognitiven Funktion, einer normalen DNA-Synthese sowie zur Erhaltung normaler Haut, Haare, N\u00e4gel und Knochen bei. Au\u00dferdem ist es wichtig f\u00fcr einen normalen Stoffwechsel des Vitamin A, der Fetts\u00e4uren sowie der Kohlenhydrate.<\/p>\n","protected":false},"featured_media":40977,"template":"","meta":{"_acf_changed":false},"product_brand":[],"product_cat":[317],"product_tag":[],"class_list":{"0":"post-40975","1":"product","2":"type-product","3":"status-publish","4":"has-post-thumbnail","6":"product_cat-l","7":"pa_packungsgroesse-120-stueck","9":"first","10":"instock","11":"shipping-taxable","12":"purchasable","13":"product-type-simple"},"acf":[],"_links":{"self":[{"href":"https:\/\/www.hirtenberg-apotheke.at\/katalog\/wp-json\/wp\/v2\/product\/40975","targetHints":{"allow":["GET"]}}],"collection":[{"href":"https:\/\/www.hirtenberg-apotheke.at\/katalog\/wp-json\/wp\/v2\/product"}],"about":[{"href":"https:\/\/www.hirtenberg-apotheke.at\/katalog\/wp-json\/wp\/v2\/types\/product"}],"wp:featuredmedia":[{"embeddable":true,"href":"https:\/\/www.hirtenberg-apotheke.at\/katalog\/wp-json\/wp\/v2\/media\/40977"}],"wp:attachment":[{"href":"https:\/\/www.hirtenberg-apotheke.at\/katalog\/wp-json\/wp\/v2\/media?parent=40975"}],"wp:term":[{"taxonomy":"product_brand","embeddable":true,"href":"https:\/\/www.hirtenberg-apotheke.at\/katalog\/wp-json\/wp\/v2\/product_brand?post=40975"},{"taxonomy":"product_cat","embeddable":true,"href":"https:\/\/www.hirtenberg-apotheke.at\/katalog\/wp-json\/wp\/v2\/product_cat?post=40975"},{"taxonomy":"product_tag","embeddable":true,"href":"https:\/\/www.hirtenberg-apotheke.at\/katalog\/wp-json\/wp\/v2\/product_tag?post=40975"}],"curies":[{"name":"wp","href":"https:\/\/api.w.org\/{rel}","templated":true}]}}