{"id":40985,"date":"2025-11-26T08:07:57","date_gmt":"2025-11-26T07:07:57","guid":{"rendered":"https:\/\/www.hirtenberg-apotheke.at\/katalog\/produkt\/life-light-nadh-enazym-plus-30-stk\/"},"modified":"2025-11-26T08:08:10","modified_gmt":"2025-11-26T07:08:10","slug":"life-light-nadh-enazym-plus-30-stk","status":"publish","type":"product","link":"https:\/\/www.hirtenberg-apotheke.at\/katalog\/produkt\/life-light-nadh-enazym-plus-30-stk\/","title":{"rendered":"Life Light NADH Enazym Plus 30 Stk."},"content":{"rendered":"<p>Life Light NADH Enazym Plus enthalten NADH, einen Bestandteil von mehr als 1000 Stoffwechselreaktionen. Es ist wichtig f\u00fcr die Energieproduktion und die Immunabwehr des K\u00f6rpers. Dar\u00fcber hinaus enthalten Sie Kapseln auch L-Tryptophan, Magnesium sowie Vitamin B6. Damit tragen sie unter anderem zum Energiestoffwechsel sowie zur normalen Funktion des Nerven- und Immunsystems bei.<\/p>\n","protected":false},"excerpt":{"rendered":"<p>Life Light NADH Enazym Plus enthalten NADH, einen Bestandteil von mehr als 1000 Stoffwechselreaktionen. Es ist wichtig f\u00fcr die Energieproduktion und die Immunabwehr des K\u00f6rpers. Dar\u00fcber hinaus enthalten Sie Kapseln auch L-Tryptophan, Magnesium sowie Vitamin B6. Damit tragen sie unter anderem zum Energiestoffwechsel sowie zur normalen Funktion des Nerven- und Immunsystems bei.<\/p>\n","protected":false},"featured_media":0,"template":"","meta":{"_acf_changed":false},"product_brand":[],"product_cat":[317],"product_tag":[],"class_list":{"0":"post-40985","1":"product","2":"type-product","3":"status-publish","5":"product_cat-l","6":"pa_packungsgroesse-30-stueck","8":"first","9":"instock","10":"shipping-taxable","11":"purchasable","12":"product-type-simple"},"acf":[],"_links":{"self":[{"href":"https:\/\/www.hirtenberg-apotheke.at\/katalog\/wp-json\/wp\/v2\/product\/40985","targetHints":{"allow":["GET"]}}],"collection":[{"href":"https:\/\/www.hirtenberg-apotheke.at\/katalog\/wp-json\/wp\/v2\/product"}],"about":[{"href":"https:\/\/www.hirtenberg-apotheke.at\/katalog\/wp-json\/wp\/v2\/types\/product"}],"wp:attachment":[{"href":"https:\/\/www.hirtenberg-apotheke.at\/katalog\/wp-json\/wp\/v2\/media?parent=40985"}],"wp:term":[{"taxonomy":"product_brand","embeddable":true,"href":"https:\/\/www.hirtenberg-apotheke.at\/katalog\/wp-json\/wp\/v2\/product_brand?post=40985"},{"taxonomy":"product_cat","embeddable":true,"href":"https:\/\/www.hirtenberg-apotheke.at\/katalog\/wp-json\/wp\/v2\/product_cat?post=40985"},{"taxonomy":"product_tag","embeddable":true,"href":"https:\/\/www.hirtenberg-apotheke.at\/katalog\/wp-json\/wp\/v2\/product_tag?post=40985"}],"curies":[{"name":"wp","href":"https:\/\/api.w.org\/{rel}","templated":true}]}}