{"id":40989,"date":"2025-11-26T08:07:57","date_gmt":"2025-11-26T07:07:57","guid":{"rendered":"https:\/\/www.hirtenberg-apotheke.at\/katalog\/produkt\/glutathion-reduziert-100mg-kapseln\/"},"modified":"2025-11-26T08:08:14","modified_gmt":"2025-11-26T07:08:14","slug":"glutathion-reduziert-100mg-kapseln","status":"publish","type":"product","link":"https:\/\/www.hirtenberg-apotheke.at\/katalog\/produkt\/glutathion-reduziert-100mg-kapseln\/","title":{"rendered":"Glutathion reduziert 100mg Kapseln"},"content":{"rendered":"<p>Gall Pharma Glutathion reduziert 100 mg Kapseln enthalten 100 mg reduziertes L-Glutathion in einer Hartgelatinekapsel. Die Eigenschaft von red. L-Glutathion als ein sehr wirksamer Radikalf\u00e4nger innerhalb der Zelle ist seit Langem bekannt. Es \u00fcbt au\u00dferdem eine weitere wichtige Schutzfunktion aus. Als reduzierende Substanz ist es auch ein Entgiftungsfaktor ein wichtiger Faktor f\u00fcr das Immunsystem.<\/p>\n","protected":false},"excerpt":{"rendered":"<p>Gall Pharma Glutathion reduziert 100 mg Kapseln enthalten 100 mg reduziertes L-Glutathion in einer Hartgelatinekapsel. Die Eigenschaft von red. L-Glutathion als ein sehr wirksamer Radikalf\u00e4nger innerhalb der Zelle ist seit Langem bekannt. Es \u00fcbt au\u00dferdem eine weitere wichtige Schutzfunktion aus. Als reduzierende Substanz ist es auch ein Entgiftungsfaktor ein wichtiger Faktor f\u00fcr das Immunsystem.<\/p>\n","protected":false},"featured_media":40991,"template":"","meta":{"_acf_changed":false},"product_brand":[316],"product_cat":[328],"product_tag":[],"class_list":{"0":"post-40989","1":"product","2":"type-product","3":"status-publish","4":"has-post-thumbnail","6":"product_brand-gall-pharma","7":"product_cat-g","8":"pa_packungsgroesse-60-stueck","10":"first","11":"instock","12":"shipping-taxable","13":"purchasable","14":"product-type-simple"},"acf":[],"_links":{"self":[{"href":"https:\/\/www.hirtenberg-apotheke.at\/katalog\/wp-json\/wp\/v2\/product\/40989","targetHints":{"allow":["GET"]}}],"collection":[{"href":"https:\/\/www.hirtenberg-apotheke.at\/katalog\/wp-json\/wp\/v2\/product"}],"about":[{"href":"https:\/\/www.hirtenberg-apotheke.at\/katalog\/wp-json\/wp\/v2\/types\/product"}],"wp:featuredmedia":[{"embeddable":true,"href":"https:\/\/www.hirtenberg-apotheke.at\/katalog\/wp-json\/wp\/v2\/media\/40991"}],"wp:attachment":[{"href":"https:\/\/www.hirtenberg-apotheke.at\/katalog\/wp-json\/wp\/v2\/media?parent=40989"}],"wp:term":[{"taxonomy":"product_brand","embeddable":true,"href":"https:\/\/www.hirtenberg-apotheke.at\/katalog\/wp-json\/wp\/v2\/product_brand?post=40989"},{"taxonomy":"product_cat","embeddable":true,"href":"https:\/\/www.hirtenberg-apotheke.at\/katalog\/wp-json\/wp\/v2\/product_cat?post=40989"},{"taxonomy":"product_tag","embeddable":true,"href":"https:\/\/www.hirtenberg-apotheke.at\/katalog\/wp-json\/wp\/v2\/product_tag?post=40989"}],"curies":[{"name":"wp","href":"https:\/\/api.w.org\/{rel}","templated":true}]}}