{"id":41012,"date":"2025-11-26T08:08:30","date_gmt":"2025-11-26T07:08:30","guid":{"rendered":"https:\/\/www.hirtenberg-apotheke.at\/katalog\/produkt\/multinove-reishi-pulver-100-g-bio\/"},"modified":"2025-11-26T08:08:43","modified_gmt":"2025-11-26T07:08:43","slug":"multinove-reishi-pulver-100-g-bio","status":"publish","type":"product","link":"https:\/\/www.hirtenberg-apotheke.at\/katalog\/produkt\/multinove-reishi-pulver-100-g-bio\/","title":{"rendered":"Multinove Reishi Pulver 100 g BIO"},"content":{"rendered":"<p>Multinova Reishi Pulver ist der K\u00f6nig unter den Vitalpilz Pulvern. Schon seit tausenden von Jahren wird der Reishi Pilz von den Chinesen aufgrund seiner Vielzahl an Polysacchariden gesch\u00e4tzt. Er wirkt unter anderem entz\u00fcndungshemmend und st\u00e4rkt das Immunsystem. Das Produkt enth\u00e4lt teilweise biologische Inhaltsstoffe.<\/p>\n","protected":false},"excerpt":{"rendered":"<p>Multinova Reishi Pulver ist der K\u00f6nig unter den Vitalpilz Pulvern. Schon seit tausenden von Jahren wird der Reishi Pilz von den Chinesen aufgrund seiner Vielzahl an Polysacchariden gesch\u00e4tzt. Er wirkt unter anderem entz\u00fcndungshemmend und st\u00e4rkt das Immunsystem. Das Produkt enth\u00e4lt teilweise biologische Inhaltsstoffe.<\/p>\n","protected":false},"featured_media":0,"template":"","meta":{"_acf_changed":false},"product_brand":[],"product_cat":[308],"product_tag":[],"class_list":{"0":"post-41012","1":"product","2":"type-product","3":"status-publish","5":"product_cat-m","6":"pa_packungsgroesse-100g","8":"first","9":"instock","10":"shipping-taxable","11":"purchasable","12":"product-type-simple"},"acf":[],"_links":{"self":[{"href":"https:\/\/www.hirtenberg-apotheke.at\/katalog\/wp-json\/wp\/v2\/product\/41012","targetHints":{"allow":["GET"]}}],"collection":[{"href":"https:\/\/www.hirtenberg-apotheke.at\/katalog\/wp-json\/wp\/v2\/product"}],"about":[{"href":"https:\/\/www.hirtenberg-apotheke.at\/katalog\/wp-json\/wp\/v2\/types\/product"}],"wp:attachment":[{"href":"https:\/\/www.hirtenberg-apotheke.at\/katalog\/wp-json\/wp\/v2\/media?parent=41012"}],"wp:term":[{"taxonomy":"product_brand","embeddable":true,"href":"https:\/\/www.hirtenberg-apotheke.at\/katalog\/wp-json\/wp\/v2\/product_brand?post=41012"},{"taxonomy":"product_cat","embeddable":true,"href":"https:\/\/www.hirtenberg-apotheke.at\/katalog\/wp-json\/wp\/v2\/product_cat?post=41012"},{"taxonomy":"product_tag","embeddable":true,"href":"https:\/\/www.hirtenberg-apotheke.at\/katalog\/wp-json\/wp\/v2\/product_tag?post=41012"}],"curies":[{"name":"wp","href":"https:\/\/api.w.org\/{rel}","templated":true}]}}