{"id":41014,"date":"2025-11-26T08:08:30","date_gmt":"2025-11-26T07:08:30","guid":{"rendered":"https:\/\/www.hirtenberg-apotheke.at\/katalog\/produkt\/glutaminsaeure-400mg-kapseln\/"},"modified":"2025-11-26T08:08:47","modified_gmt":"2025-11-26T07:08:47","slug":"glutaminsaeure-400mg-kapseln","status":"publish","type":"product","link":"https:\/\/www.hirtenberg-apotheke.at\/katalog\/produkt\/glutaminsaeure-400mg-kapseln\/","title":{"rendered":"Glutamins\u00e4ure 400mg Kapseln"},"content":{"rendered":"<p>Glutamins\u00e4ure 400 mg GPH Kapseln enthalten L-Glutamins\u00e4ure, die einer Studie zufolge in der Lage ist, Hirnleistung und Konzentrationsverm\u00f6gen zu steigern. Neben der Botenstofffunktion kommt dieser Aminos\u00e4ure auch eine Entgiftungsfunktion zu. L-Glutamins\u00e4ure und L-Glutamin sind Energietr\u00e4ger im Immunssystem und im Energiestoffwechsel der Muskulatur. Ein Verzehr ist daher vor allem f\u00fcr intensiv trainierende Sportler empfehlenswert.<\/p>\n","protected":false},"excerpt":{"rendered":"<p>Glutamins\u00e4ure 400 mg GPH Kapseln enthalten L-Glutamins\u00e4ure, die einer Studie zufolge in der Lage ist, Hirnleistung und Konzentrationsverm\u00f6gen zu steigern. Neben der Botenstofffunktion kommt dieser Aminos\u00e4ure auch eine Entgiftungsfunktion zu. L-Glutamins\u00e4ure und L-Glutamin sind Energietr\u00e4ger im Immunssystem und im Energiestoffwechsel der Muskulatur. Ein Verzehr ist daher vor allem f\u00fcr intensiv trainierende Sportler empfehlenswert.<\/p>\n","protected":false},"featured_media":41016,"template":"","meta":{"_acf_changed":false},"product_brand":[316],"product_cat":[328],"product_tag":[],"class_list":{"0":"post-41014","1":"product","2":"type-product","3":"status-publish","4":"has-post-thumbnail","6":"product_brand-gall-pharma","7":"product_cat-g","8":"pa_packungsgroesse-60-stueck","10":"first","11":"instock","12":"shipping-taxable","13":"purchasable","14":"product-type-simple"},"acf":[],"_links":{"self":[{"href":"https:\/\/www.hirtenberg-apotheke.at\/katalog\/wp-json\/wp\/v2\/product\/41014","targetHints":{"allow":["GET"]}}],"collection":[{"href":"https:\/\/www.hirtenberg-apotheke.at\/katalog\/wp-json\/wp\/v2\/product"}],"about":[{"href":"https:\/\/www.hirtenberg-apotheke.at\/katalog\/wp-json\/wp\/v2\/types\/product"}],"wp:featuredmedia":[{"embeddable":true,"href":"https:\/\/www.hirtenberg-apotheke.at\/katalog\/wp-json\/wp\/v2\/media\/41016"}],"wp:attachment":[{"href":"https:\/\/www.hirtenberg-apotheke.at\/katalog\/wp-json\/wp\/v2\/media?parent=41014"}],"wp:term":[{"taxonomy":"product_brand","embeddable":true,"href":"https:\/\/www.hirtenberg-apotheke.at\/katalog\/wp-json\/wp\/v2\/product_brand?post=41014"},{"taxonomy":"product_cat","embeddable":true,"href":"https:\/\/www.hirtenberg-apotheke.at\/katalog\/wp-json\/wp\/v2\/product_cat?post=41014"},{"taxonomy":"product_tag","embeddable":true,"href":"https:\/\/www.hirtenberg-apotheke.at\/katalog\/wp-json\/wp\/v2\/product_tag?post=41014"}],"curies":[{"name":"wp","href":"https:\/\/api.w.org\/{rel}","templated":true}]}}