{"id":41045,"date":"2025-11-26T08:09:08","date_gmt":"2025-11-26T07:09:08","guid":{"rendered":"https:\/\/www.hirtenberg-apotheke.at\/katalog\/produkt\/kupferorotat-kapseln\/"},"modified":"2025-11-26T08:09:25","modified_gmt":"2025-11-26T07:09:25","slug":"kupferorotat-kapseln","status":"publish","type":"product","link":"https:\/\/www.hirtenberg-apotheke.at\/katalog\/produkt\/kupferorotat-kapseln\/","title":{"rendered":"Kupferorotat Kapseln"},"content":{"rendered":"<p>Gall Pharma Kupferorotat Kapseln enthalten 310 \u00b5g Kupfer in Form von gutverwertbarem und resorbierbarem Kupferorotat in einer Hartgelatinekapsel. Ein Kupfermangel kann sich in An\u00e4mie, erh\u00f6hter Infektanf\u00e4lligkeit, Karies, Osteoporose, Konzentrationsschw\u00e4che sowie gest\u00f6rter Haut- und Haarpigmentation \u00e4u\u00dfern.<\/p>\n","protected":false},"excerpt":{"rendered":"<p>Gall Pharma Kupferorotat Kapseln enthalten 310 \u00b5g Kupfer in Form von gutverwertbarem und resorbierbarem Kupferorotat in einer Hartgelatinekapsel. Ein Kupfermangel kann sich in An\u00e4mie, erh\u00f6hter Infektanf\u00e4lligkeit, Karies, Osteoporose, Konzentrationsschw\u00e4che sowie gest\u00f6rter Haut- und Haarpigmentation \u00e4u\u00dfern.<\/p>\n","protected":false},"featured_media":0,"template":"","meta":{"_acf_changed":false},"product_brand":[316],"product_cat":[387],"product_tag":[],"class_list":{"0":"post-41045","1":"product","2":"type-product","3":"status-publish","5":"product_brand-gall-pharma","6":"product_cat-k","7":"pa_packungsgroesse-50-stueck","9":"first","10":"instock","11":"shipping-taxable","12":"purchasable","13":"product-type-simple"},"acf":[],"_links":{"self":[{"href":"https:\/\/www.hirtenberg-apotheke.at\/katalog\/wp-json\/wp\/v2\/product\/41045","targetHints":{"allow":["GET"]}}],"collection":[{"href":"https:\/\/www.hirtenberg-apotheke.at\/katalog\/wp-json\/wp\/v2\/product"}],"about":[{"href":"https:\/\/www.hirtenberg-apotheke.at\/katalog\/wp-json\/wp\/v2\/types\/product"}],"wp:attachment":[{"href":"https:\/\/www.hirtenberg-apotheke.at\/katalog\/wp-json\/wp\/v2\/media?parent=41045"}],"wp:term":[{"taxonomy":"product_brand","embeddable":true,"href":"https:\/\/www.hirtenberg-apotheke.at\/katalog\/wp-json\/wp\/v2\/product_brand?post=41045"},{"taxonomy":"product_cat","embeddable":true,"href":"https:\/\/www.hirtenberg-apotheke.at\/katalog\/wp-json\/wp\/v2\/product_cat?post=41045"},{"taxonomy":"product_tag","embeddable":true,"href":"https:\/\/www.hirtenberg-apotheke.at\/katalog\/wp-json\/wp\/v2\/product_tag?post=41045"}],"curies":[{"name":"wp","href":"https:\/\/api.w.org\/{rel}","templated":true}]}}