{"id":41047,"date":"2025-11-26T08:09:24","date_gmt":"2025-11-26T07:09:24","guid":{"rendered":"https:\/\/www.hirtenberg-apotheke.at\/katalog\/produkt\/pangam-kapseln\/"},"modified":"2025-11-26T08:09:26","modified_gmt":"2025-11-26T07:09:26","slug":"pangam-kapseln","status":"publish","type":"product","link":"https:\/\/www.hirtenberg-apotheke.at\/katalog\/produkt\/pangam-kapseln\/","title":{"rendered":"Pangam Kapseln"},"content":{"rendered":"<p>Pangam Kapseln enthalten 100 mg Aprikosenfruchtextrakt, 50 mg Magnesium und 40 mg Natriumpangamat zur erg\u00e4nzenden Versorgung mit wichtigen N\u00e4hrstoffen. Pangamat ist eine vitamin\u00e4hnliche Substanz, die die Sauerstoffversorgung der K\u00f6rperzellen auf nat\u00fcrliche Weise ankurbelt. Pangam Kapseln dienen zur Versorgung mit Vitaminen und zur Verbesserung der Sauerstoffversorgung des Organismus.<\/p>\n","protected":false},"excerpt":{"rendered":"<p>Pangam Kapseln enthalten 100 mg Aprikosenfruchtextrakt, 50 mg Magnesium und 40 mg Natriumpangamat zur erg\u00e4nzenden Versorgung mit wichtigen N\u00e4hrstoffen. Pangamat ist eine vitamin\u00e4hnliche Substanz, die die Sauerstoffversorgung der K\u00f6rperzellen auf nat\u00fcrliche Weise ankurbelt. Pangam Kapseln dienen zur Versorgung mit Vitaminen und zur Verbesserung der Sauerstoffversorgung des Organismus.<\/p>\n","protected":false},"featured_media":0,"template":"","meta":{"_acf_changed":false},"product_brand":[316],"product_cat":[302],"product_tag":[],"class_list":{"0":"post-41047","1":"product","2":"type-product","3":"status-publish","5":"product_brand-gall-pharma","6":"product_cat-p","7":"pa_packungsgroesse-60-stueck","9":"first","10":"instock","11":"shipping-taxable","12":"purchasable","13":"product-type-simple"},"acf":[],"_links":{"self":[{"href":"https:\/\/www.hirtenberg-apotheke.at\/katalog\/wp-json\/wp\/v2\/product\/41047","targetHints":{"allow":["GET"]}}],"collection":[{"href":"https:\/\/www.hirtenberg-apotheke.at\/katalog\/wp-json\/wp\/v2\/product"}],"about":[{"href":"https:\/\/www.hirtenberg-apotheke.at\/katalog\/wp-json\/wp\/v2\/types\/product"}],"wp:attachment":[{"href":"https:\/\/www.hirtenberg-apotheke.at\/katalog\/wp-json\/wp\/v2\/media?parent=41047"}],"wp:term":[{"taxonomy":"product_brand","embeddable":true,"href":"https:\/\/www.hirtenberg-apotheke.at\/katalog\/wp-json\/wp\/v2\/product_brand?post=41047"},{"taxonomy":"product_cat","embeddable":true,"href":"https:\/\/www.hirtenberg-apotheke.at\/katalog\/wp-json\/wp\/v2\/product_cat?post=41047"},{"taxonomy":"product_tag","embeddable":true,"href":"https:\/\/www.hirtenberg-apotheke.at\/katalog\/wp-json\/wp\/v2\/product_tag?post=41047"}],"curies":[{"name":"wp","href":"https:\/\/api.w.org\/{rel}","templated":true}]}}