{"id":41066,"date":"2025-11-26T08:09:24","date_gmt":"2025-11-26T07:09:24","guid":{"rendered":"https:\/\/www.hirtenberg-apotheke.at\/katalog\/produkt\/magnesium-100mg-kapseln\/"},"modified":"2025-11-26T08:09:49","modified_gmt":"2025-11-26T07:09:49","slug":"magnesium-100mg-kapseln","status":"publish","type":"product","link":"https:\/\/www.hirtenberg-apotheke.at\/katalog\/produkt\/magnesium-100mg-kapseln\/","title":{"rendered":"Magnesium 100mg Kapseln"},"content":{"rendered":"<p>Magnesium 100mg GPH Kapseln unterst\u00fctzen den Aufbau von Z\u00e4hnen und Knochen, die Leitung von Nervenimpulsen auf die Muskulatur, die Sauerstoffversorgung der Zellen, das Immunsystem und die Blutgerinnung. Magnesium tr\u00e4gt au\u00dferdem zur Verringerung von M\u00fcdigkeit und Erm\u00fcdung bei. erhalten Sie dieses Produkt in Packungen zu 60 und 180 St\u00fcck.<\/p>\n","protected":false},"excerpt":{"rendered":"<p>Magnesium 100mg GPH Kapseln unterst\u00fctzen den Aufbau von Z\u00e4hnen und Knochen, die Leitung von Nervenimpulsen auf die Muskulatur, die Sauerstoffversorgung der Zellen, das Immunsystem und die Blutgerinnung. Magnesium tr\u00e4gt au\u00dferdem zur Verringerung von M\u00fcdigkeit und Erm\u00fcdung bei. erhalten Sie dieses Produkt in Packungen zu 60 und 180 St\u00fcck.<\/p>\n","protected":false},"featured_media":41068,"template":"","meta":{"_acf_changed":false},"product_brand":[316],"product_cat":[308],"product_tag":[],"class_list":{"0":"post-41066","1":"product","2":"type-product","3":"status-publish","4":"has-post-thumbnail","6":"product_brand-gall-pharma","7":"product_cat-m","8":"pa_packungsgroesse-60-stueck","10":"first","11":"instock","12":"shipping-taxable","13":"purchasable","14":"product-type-simple"},"acf":[],"_links":{"self":[{"href":"https:\/\/www.hirtenberg-apotheke.at\/katalog\/wp-json\/wp\/v2\/product\/41066","targetHints":{"allow":["GET"]}}],"collection":[{"href":"https:\/\/www.hirtenberg-apotheke.at\/katalog\/wp-json\/wp\/v2\/product"}],"about":[{"href":"https:\/\/www.hirtenberg-apotheke.at\/katalog\/wp-json\/wp\/v2\/types\/product"}],"wp:featuredmedia":[{"embeddable":true,"href":"https:\/\/www.hirtenberg-apotheke.at\/katalog\/wp-json\/wp\/v2\/media\/41068"}],"wp:attachment":[{"href":"https:\/\/www.hirtenberg-apotheke.at\/katalog\/wp-json\/wp\/v2\/media?parent=41066"}],"wp:term":[{"taxonomy":"product_brand","embeddable":true,"href":"https:\/\/www.hirtenberg-apotheke.at\/katalog\/wp-json\/wp\/v2\/product_brand?post=41066"},{"taxonomy":"product_cat","embeddable":true,"href":"https:\/\/www.hirtenberg-apotheke.at\/katalog\/wp-json\/wp\/v2\/product_cat?post=41066"},{"taxonomy":"product_tag","embeddable":true,"href":"https:\/\/www.hirtenberg-apotheke.at\/katalog\/wp-json\/wp\/v2\/product_tag?post=41066"}],"curies":[{"name":"wp","href":"https:\/\/api.w.org\/{rel}","templated":true}]}}