{"id":41170,"date":"2025-11-26T08:11:48","date_gmt":"2025-11-26T07:11:48","guid":{"rendered":"https:\/\/www.hirtenberg-apotheke.at\/katalog\/produkt\/pascoe-basentabs-balance-100-stk-tabs\/"},"modified":"2025-11-26T08:12:10","modified_gmt":"2025-11-26T07:12:10","slug":"pascoe-basentabs-balance-100-stk-tabs","status":"publish","type":"product","link":"https:\/\/www.hirtenberg-apotheke.at\/katalog\/produkt\/pascoe-basentabs-balance-100-stk-tabs\/","title":{"rendered":"Pascoe Basentabs Balance 100 Stk. Tabs"},"content":{"rendered":"<p>Basentabs pH-balance von Pascoe ist ein Nahrungserg\u00e4nzungsmittel mit basischen Mineralstoffen und mit Zink zur Unterst\u00fctzung des S\u00e4ure-Basen-Haushalts. Au\u00dferdem hilft Zink, die Zellen vor oxidativem Stress zu sch\u00fctzen. Die Basentabs unterst\u00fctzen Sie mit Zink, Calcium, Magnesium und Kalium.<\/p>\n","protected":false},"excerpt":{"rendered":"<p>Basentabs pH-balance von Pascoe ist ein Nahrungserg\u00e4nzungsmittel mit basischen Mineralstoffen und mit Zink zur Unterst\u00fctzung des S\u00e4ure-Basen-Haushalts. Au\u00dferdem hilft Zink, die Zellen vor oxidativem Stress zu sch\u00fctzen. Die Basentabs unterst\u00fctzen Sie mit Zink, Calcium, Magnesium und Kalium.<\/p>\n","protected":false},"featured_media":0,"template":"","meta":{"_acf_changed":false},"product_brand":[],"product_cat":[302],"product_tag":[],"class_list":{"0":"post-41170","1":"product","2":"type-product","3":"status-publish","5":"product_cat-p","6":"pa_packungsgroesse-100-stueck","8":"first","9":"instock","10":"shipping-taxable","11":"purchasable","12":"product-type-simple"},"acf":[],"_links":{"self":[{"href":"https:\/\/www.hirtenberg-apotheke.at\/katalog\/wp-json\/wp\/v2\/product\/41170","targetHints":{"allow":["GET"]}}],"collection":[{"href":"https:\/\/www.hirtenberg-apotheke.at\/katalog\/wp-json\/wp\/v2\/product"}],"about":[{"href":"https:\/\/www.hirtenberg-apotheke.at\/katalog\/wp-json\/wp\/v2\/types\/product"}],"wp:attachment":[{"href":"https:\/\/www.hirtenberg-apotheke.at\/katalog\/wp-json\/wp\/v2\/media?parent=41170"}],"wp:term":[{"taxonomy":"product_brand","embeddable":true,"href":"https:\/\/www.hirtenberg-apotheke.at\/katalog\/wp-json\/wp\/v2\/product_brand?post=41170"},{"taxonomy":"product_cat","embeddable":true,"href":"https:\/\/www.hirtenberg-apotheke.at\/katalog\/wp-json\/wp\/v2\/product_cat?post=41170"},{"taxonomy":"product_tag","embeddable":true,"href":"https:\/\/www.hirtenberg-apotheke.at\/katalog\/wp-json\/wp\/v2\/product_tag?post=41170"}],"curies":[{"name":"wp","href":"https:\/\/api.w.org\/{rel}","templated":true}]}}