{"id":41172,"date":"2025-11-26T08:11:48","date_gmt":"2025-11-26T07:11:48","guid":{"rendered":"https:\/\/www.hirtenberg-apotheke.at\/katalog\/produkt\/burgerstein-probase-tabletten-150-stk\/"},"modified":"2025-11-26T08:12:22","modified_gmt":"2025-11-26T07:12:22","slug":"burgerstein-probase-tabletten-150-stk","status":"publish","type":"product","link":"https:\/\/www.hirtenberg-apotheke.at\/katalog\/produkt\/burgerstein-probase-tabletten-150-stk\/","title":{"rendered":"Burgerstein Probase Tabletten 150 Stk."},"content":{"rendered":"<p>Burgerstein Probase enth\u00e4lt eine ausgewogene Kombination von basischen Mineralsalzen und Spurenelementen zur Harmonisierung des S\u00e4ure-Basen-Haushaltes. Speziell f\u00fcr Sportler: Verminderung der Muskel\u00fcbers\u00e4uerung, Verbesserung der Leistungsf\u00e4higkeit und der Ausdauer, verbesserte ATP-Produktion (= mehr Energie).<\/p>\n","protected":false},"excerpt":{"rendered":"<p>Burgerstein Probase enth\u00e4lt eine ausgewogene Kombination von basischen Mineralsalzen und Spurenelementen zur Harmonisierung des S\u00e4ure-Basen-Haushaltes. Speziell f\u00fcr Sportler: Verminderung der Muskel\u00fcbers\u00e4uerung, Verbesserung der Leistungsf\u00e4higkeit und der Ausdauer, verbesserte ATP-Produktion (= mehr Energie).<\/p>\n","protected":false},"featured_media":41174,"template":"","meta":{"_acf_changed":false},"product_brand":[422],"product_cat":[292],"product_tag":[],"class_list":{"0":"post-41172","1":"product","2":"type-product","3":"status-publish","4":"has-post-thumbnail","6":"product_brand-burgerstein","7":"product_cat-b","8":"pa_packungsgroesse-150-stueck","10":"first","11":"instock","12":"shipping-taxable","13":"purchasable","14":"product-type-simple"},"acf":[],"_links":{"self":[{"href":"https:\/\/www.hirtenberg-apotheke.at\/katalog\/wp-json\/wp\/v2\/product\/41172","targetHints":{"allow":["GET"]}}],"collection":[{"href":"https:\/\/www.hirtenberg-apotheke.at\/katalog\/wp-json\/wp\/v2\/product"}],"about":[{"href":"https:\/\/www.hirtenberg-apotheke.at\/katalog\/wp-json\/wp\/v2\/types\/product"}],"wp:featuredmedia":[{"embeddable":true,"href":"https:\/\/www.hirtenberg-apotheke.at\/katalog\/wp-json\/wp\/v2\/media\/41174"}],"wp:attachment":[{"href":"https:\/\/www.hirtenberg-apotheke.at\/katalog\/wp-json\/wp\/v2\/media?parent=41172"}],"wp:term":[{"taxonomy":"product_brand","embeddable":true,"href":"https:\/\/www.hirtenberg-apotheke.at\/katalog\/wp-json\/wp\/v2\/product_brand?post=41172"},{"taxonomy":"product_cat","embeddable":true,"href":"https:\/\/www.hirtenberg-apotheke.at\/katalog\/wp-json\/wp\/v2\/product_cat?post=41172"},{"taxonomy":"product_tag","embeddable":true,"href":"https:\/\/www.hirtenberg-apotheke.at\/katalog\/wp-json\/wp\/v2\/product_tag?post=41172"}],"curies":[{"name":"wp","href":"https:\/\/api.w.org\/{rel}","templated":true}]}}