{"id":41185,"date":"2025-11-26T08:12:22","date_gmt":"2025-11-26T07:12:22","guid":{"rendered":"https:\/\/www.hirtenberg-apotheke.at\/katalog\/produkt\/metacare-basic-3-kapseln-90-stk\/"},"modified":"2025-11-26T08:12:33","modified_gmt":"2025-11-26T07:12:33","slug":"metacare-basic-3-kapseln-90-stk","status":"publish","type":"product","link":"https:\/\/www.hirtenberg-apotheke.at\/katalog\/produkt\/metacare-basic-3-kapseln-90-stk\/","title":{"rendered":"Metacare BASiC 3 Kapseln 90 Stk."},"content":{"rendered":"<p>Metacare BASiC 3 Kapseln f\u00f6rdern die Ausleitung von S\u00e4uren und unterst\u00fctzen ein nat\u00fcrliches S\u00e4ure-Basen Gleichgewicht im K\u00f6rper. Zudem sorgen sie f\u00fcr eine normale Funktion der Muskeln und tragen zum Erhalt eines normalen Bindegewebes bei. Die Kapseln unterst\u00fctzen au\u00dferdem die Ents\u00e4uerung mit der Kraft wildwachsender Kr\u00e4uter.<\/p>\n","protected":false},"excerpt":{"rendered":"<p>Metacare BASiC 3 Kapseln f\u00f6rdern die Ausleitung von S\u00e4uren und unterst\u00fctzen ein nat\u00fcrliches S\u00e4ure-Basen Gleichgewicht im K\u00f6rper. Zudem sorgen sie f\u00fcr eine normale Funktion der Muskeln und tragen zum Erhalt eines normalen Bindegewebes bei. Die Kapseln unterst\u00fctzen au\u00dferdem die Ents\u00e4uerung mit der Kraft wildwachsender Kr\u00e4uter.<\/p>\n","protected":false},"featured_media":41187,"template":"","meta":{"_acf_changed":false},"product_brand":[],"product_cat":[308],"product_tag":[],"class_list":{"0":"post-41185","1":"product","2":"type-product","3":"status-publish","4":"has-post-thumbnail","6":"product_cat-m","7":"pa_packungsgroesse-90-stueck","9":"first","10":"instock","11":"shipping-taxable","12":"purchasable","13":"product-type-simple"},"acf":[],"_links":{"self":[{"href":"https:\/\/www.hirtenberg-apotheke.at\/katalog\/wp-json\/wp\/v2\/product\/41185","targetHints":{"allow":["GET"]}}],"collection":[{"href":"https:\/\/www.hirtenberg-apotheke.at\/katalog\/wp-json\/wp\/v2\/product"}],"about":[{"href":"https:\/\/www.hirtenberg-apotheke.at\/katalog\/wp-json\/wp\/v2\/types\/product"}],"wp:featuredmedia":[{"embeddable":true,"href":"https:\/\/www.hirtenberg-apotheke.at\/katalog\/wp-json\/wp\/v2\/media\/41187"}],"wp:attachment":[{"href":"https:\/\/www.hirtenberg-apotheke.at\/katalog\/wp-json\/wp\/v2\/media?parent=41185"}],"wp:term":[{"taxonomy":"product_brand","embeddable":true,"href":"https:\/\/www.hirtenberg-apotheke.at\/katalog\/wp-json\/wp\/v2\/product_brand?post=41185"},{"taxonomy":"product_cat","embeddable":true,"href":"https:\/\/www.hirtenberg-apotheke.at\/katalog\/wp-json\/wp\/v2\/product_cat?post=41185"},{"taxonomy":"product_tag","embeddable":true,"href":"https:\/\/www.hirtenberg-apotheke.at\/katalog\/wp-json\/wp\/v2\/product_tag?post=41185"}],"curies":[{"name":"wp","href":"https:\/\/api.w.org\/{rel}","templated":true}]}}