{"id":41328,"date":"2025-11-26T08:15:35","date_gmt":"2025-11-26T07:15:35","guid":{"rendered":"https:\/\/www.hirtenberg-apotheke.at\/katalog\/produkt\/figureform-basen-mineralpulver-express-200-g\/"},"modified":"2025-11-26T08:15:51","modified_gmt":"2025-11-26T07:15:51","slug":"figureform-basen-mineralpulver-express-200-g","status":"publish","type":"product","link":"https:\/\/www.hirtenberg-apotheke.at\/katalog\/produkt\/figureform-basen-mineralpulver-express-200-g\/","title":{"rendered":"Figureform Basen Mineralpulver Express 200 g"},"content":{"rendered":"<p>Figureform Basen-Mineralpulver Express ist ein konzentriertes, ausgewogenes Nahrungserg\u00e4nzungsmittel. Es gleicht s\u00e4mtliche \u00dcbers\u00e4uerungszust\u00e4nde schnell aus und ist auch ideal bei ern\u00e4hrungsbedingtem V\u00f6llegef\u00fchl und Sodbrennen.<\/p>\n","protected":false},"excerpt":{"rendered":"<p>Figureform Basen-Mineralpulver Express ist ein konzentriertes, ausgewogenes Nahrungserg\u00e4nzungsmittel. Es gleicht s\u00e4mtliche \u00dcbers\u00e4uerungszust\u00e4nde schnell aus und ist auch ideal bei ern\u00e4hrungsbedingtem V\u00f6llegef\u00fchl und Sodbrennen.<\/p>\n","protected":false},"featured_media":0,"template":"","meta":{"_acf_changed":false},"product_brand":[],"product_cat":[322],"product_tag":[],"class_list":{"0":"post-41328","1":"product","2":"type-product","3":"status-publish","5":"product_cat-f","6":"pa_packungsgroesse-200g","8":"first","9":"instock","10":"shipping-taxable","11":"purchasable","12":"product-type-simple"},"acf":[],"_links":{"self":[{"href":"https:\/\/www.hirtenberg-apotheke.at\/katalog\/wp-json\/wp\/v2\/product\/41328","targetHints":{"allow":["GET"]}}],"collection":[{"href":"https:\/\/www.hirtenberg-apotheke.at\/katalog\/wp-json\/wp\/v2\/product"}],"about":[{"href":"https:\/\/www.hirtenberg-apotheke.at\/katalog\/wp-json\/wp\/v2\/types\/product"}],"wp:attachment":[{"href":"https:\/\/www.hirtenberg-apotheke.at\/katalog\/wp-json\/wp\/v2\/media?parent=41328"}],"wp:term":[{"taxonomy":"product_brand","embeddable":true,"href":"https:\/\/www.hirtenberg-apotheke.at\/katalog\/wp-json\/wp\/v2\/product_brand?post=41328"},{"taxonomy":"product_cat","embeddable":true,"href":"https:\/\/www.hirtenberg-apotheke.at\/katalog\/wp-json\/wp\/v2\/product_cat?post=41328"},{"taxonomy":"product_tag","embeddable":true,"href":"https:\/\/www.hirtenberg-apotheke.at\/katalog\/wp-json\/wp\/v2\/product_tag?post=41328"}],"curies":[{"name":"wp","href":"https:\/\/api.w.org\/{rel}","templated":true}]}}