{"id":41393,"date":"2025-11-26T08:16:54","date_gmt":"2025-11-26T07:16:54","guid":{"rendered":"https:\/\/www.hirtenberg-apotheke.at\/katalog\/produkt\/nemabas-tabletten\/"},"modified":"2025-11-26T08:17:22","modified_gmt":"2025-11-26T07:17:22","slug":"nemabas-tabletten","status":"publish","type":"product","link":"https:\/\/www.hirtenberg-apotheke.at\/katalog\/produkt\/nemabas-tabletten\/","title":{"rendered":"Nemabas Tabletten"},"content":{"rendered":"<p>Nemabas Tabletten f\u00f6rdern ein ausgewogenes S\u00e4ure-Basen-Verh\u00e4ltnis des K\u00f6rpers und liefern gleichzeitig lebenswichtige Mineralien. Die Tabletten f\u00f6rdern k\u00f6rperliche und geistige Ausdauer und unterst\u00fctzen die S\u00e4ureregulierung des K\u00f6rpers bei einer Di\u00e4t.<\/p>\n","protected":false},"excerpt":{"rendered":"<p>Nemabas Tabletten f\u00f6rdern ein ausgewogenes S\u00e4ure-Basen-Verh\u00e4ltnis des K\u00f6rpers und liefern gleichzeitig lebenswichtige Mineralien. Die Tabletten f\u00f6rdern k\u00f6rperliche und geistige Ausdauer und unterst\u00fctzen die S\u00e4ureregulierung des K\u00f6rpers bei einer Di\u00e4t.<\/p>\n","protected":false},"featured_media":41395,"template":"","meta":{"_acf_changed":false},"product_brand":[],"product_cat":[310],"product_tag":[],"class_list":{"0":"post-41393","1":"product","2":"type-product","3":"status-publish","4":"has-post-thumbnail","6":"product_cat-n","7":"pa_packungsgroesse-120-stueck","9":"first","10":"instock","11":"shipping-taxable","12":"purchasable","13":"product-type-simple"},"acf":[],"_links":{"self":[{"href":"https:\/\/www.hirtenberg-apotheke.at\/katalog\/wp-json\/wp\/v2\/product\/41393","targetHints":{"allow":["GET"]}}],"collection":[{"href":"https:\/\/www.hirtenberg-apotheke.at\/katalog\/wp-json\/wp\/v2\/product"}],"about":[{"href":"https:\/\/www.hirtenberg-apotheke.at\/katalog\/wp-json\/wp\/v2\/types\/product"}],"wp:featuredmedia":[{"embeddable":true,"href":"https:\/\/www.hirtenberg-apotheke.at\/katalog\/wp-json\/wp\/v2\/media\/41395"}],"wp:attachment":[{"href":"https:\/\/www.hirtenberg-apotheke.at\/katalog\/wp-json\/wp\/v2\/media?parent=41393"}],"wp:term":[{"taxonomy":"product_brand","embeddable":true,"href":"https:\/\/www.hirtenberg-apotheke.at\/katalog\/wp-json\/wp\/v2\/product_brand?post=41393"},{"taxonomy":"product_cat","embeddable":true,"href":"https:\/\/www.hirtenberg-apotheke.at\/katalog\/wp-json\/wp\/v2\/product_cat?post=41393"},{"taxonomy":"product_tag","embeddable":true,"href":"https:\/\/www.hirtenberg-apotheke.at\/katalog\/wp-json\/wp\/v2\/product_tag?post=41393"}],"curies":[{"name":"wp","href":"https:\/\/api.w.org\/{rel}","templated":true}]}}