{"id":41530,"date":"2025-11-26T08:20:03","date_gmt":"2025-11-26T07:20:03","guid":{"rendered":"https:\/\/www.hirtenberg-apotheke.at\/katalog\/produkt\/melasan-protein-pur-450-g\/"},"modified":"2025-11-26T08:20:15","modified_gmt":"2025-11-26T07:20:15","slug":"melasan-protein-pur-450-g","status":"publish","type":"product","link":"https:\/\/www.hirtenberg-apotheke.at\/katalog\/produkt\/melasan-protein-pur-450-g\/","title":{"rendered":"Melasan Protein Pur 450 g"},"content":{"rendered":"<p>Melasan Sport setzt bei allen Produkten ausschlie\u00dflich auf ausgew\u00e4hlte und reine Rohstoffe. Das Molkenproteinisolat aus S\u00fc\u00dfmolke liefert pro Portion \u00fcber 35 g Eiwei\u00df und hat ein optimales Aminos\u00e4ureprofil mit einem hohen Anteil an den verzweigtkettigen Aminos\u00e4uren Leucin, Valin und Isoleucin. Ein weiterer Pluspunkt f\u00fcr dieses hochwertige Isolat ist, dass g\u00e4nzlich auf Geschmacksverst\u00e4rker, S\u00fc\u00dfstoffe und Farbstoffe verzichtet wurde. Melasan Sport Protein Pur ist aufgrund der N\u00e4hrwerte perfekt f\u00fcr Sportler, Bodybuilder und Athleten geeignet, die sich in einer Di\u00e4t oder Muskelaufbauphase befinden. Ideal f\u00fcr alle, die den Proteingehalt in ihrer Nahrung erh\u00f6hen wollen.<\/p>\n","protected":false},"excerpt":{"rendered":"<p>Melasan Sport setzt bei allen Produkten ausschlie\u00dflich auf ausgew\u00e4hlte und reine Rohstoffe. Das Molkenproteinisolat aus S\u00fc\u00dfmolke liefert pro Portion \u00fcber 35 g Eiwei\u00df und hat ein optimales Aminos\u00e4ureprofil mit einem hohen Anteil an den verzweigtkettigen Aminos\u00e4uren Leucin, Valin und Isoleucin. Ein weiterer Pluspunkt f\u00fcr dieses hochwertige Isolat ist, dass g\u00e4nzlich auf Geschmacksverst\u00e4rker, S\u00fc\u00dfstoffe und Farbstoffe [&hellip;]<\/p>\n","protected":false},"featured_media":0,"template":"","meta":{"_acf_changed":false},"product_brand":[323],"product_cat":[308],"product_tag":[],"class_list":{"0":"post-41530","1":"product","2":"type-product","3":"status-publish","5":"product_brand-melasan","6":"product_cat-m","7":"pa_packungsgroesse-450g","9":"first","10":"instock","11":"shipping-taxable","12":"purchasable","13":"product-type-simple"},"acf":[],"_links":{"self":[{"href":"https:\/\/www.hirtenberg-apotheke.at\/katalog\/wp-json\/wp\/v2\/product\/41530","targetHints":{"allow":["GET"]}}],"collection":[{"href":"https:\/\/www.hirtenberg-apotheke.at\/katalog\/wp-json\/wp\/v2\/product"}],"about":[{"href":"https:\/\/www.hirtenberg-apotheke.at\/katalog\/wp-json\/wp\/v2\/types\/product"}],"wp:attachment":[{"href":"https:\/\/www.hirtenberg-apotheke.at\/katalog\/wp-json\/wp\/v2\/media?parent=41530"}],"wp:term":[{"taxonomy":"product_brand","embeddable":true,"href":"https:\/\/www.hirtenberg-apotheke.at\/katalog\/wp-json\/wp\/v2\/product_brand?post=41530"},{"taxonomy":"product_cat","embeddable":true,"href":"https:\/\/www.hirtenberg-apotheke.at\/katalog\/wp-json\/wp\/v2\/product_cat?post=41530"},{"taxonomy":"product_tag","embeddable":true,"href":"https:\/\/www.hirtenberg-apotheke.at\/katalog\/wp-json\/wp\/v2\/product_tag?post=41530"}],"curies":[{"name":"wp","href":"https:\/\/api.w.org\/{rel}","templated":true}]}}