{"id":41555,"date":"2025-11-26T08:20:49","date_gmt":"2025-11-26T07:20:49","guid":{"rendered":"https:\/\/www.hirtenberg-apotheke.at\/katalog\/produkt\/pro-fit-sportgetraenk-johannisbeere-320-g\/"},"modified":"2025-11-26T08:20:55","modified_gmt":"2025-11-26T07:20:55","slug":"pro-fit-sportgetraenk-johannisbeere-320-g","status":"publish","type":"product","link":"https:\/\/www.hirtenberg-apotheke.at\/katalog\/produkt\/pro-fit-sportgetraenk-johannisbeere-320-g\/","title":{"rendered":"Pro-fit Sportgetr\u00e4nk Johannisbeere 320 g"},"content":{"rendered":"<p>Pro-fit Sportgetr\u00e4nk Johannisbeere mit BCAA und Elektrolyten wird sehr gerne bei k\u00f6rperlicher Belastung eingesetzt.<\/p>\n","protected":false},"excerpt":{"rendered":"<p>Pro-fit Sportgetr\u00e4nk Johannisbeere mit BCAA und Elektrolyten wird sehr gerne bei k\u00f6rperlicher Belastung eingesetzt.<\/p>\n","protected":false},"featured_media":41557,"template":"","meta":{"_acf_changed":false},"product_brand":[],"product_cat":[302],"product_tag":[],"class_list":{"0":"post-41555","1":"product","2":"type-product","3":"status-publish","4":"has-post-thumbnail","6":"product_cat-p","7":"pa_packungsgroesse-320g","9":"first","10":"instock","11":"shipping-taxable","12":"purchasable","13":"product-type-simple"},"acf":[],"_links":{"self":[{"href":"https:\/\/www.hirtenberg-apotheke.at\/katalog\/wp-json\/wp\/v2\/product\/41555","targetHints":{"allow":["GET"]}}],"collection":[{"href":"https:\/\/www.hirtenberg-apotheke.at\/katalog\/wp-json\/wp\/v2\/product"}],"about":[{"href":"https:\/\/www.hirtenberg-apotheke.at\/katalog\/wp-json\/wp\/v2\/types\/product"}],"wp:featuredmedia":[{"embeddable":true,"href":"https:\/\/www.hirtenberg-apotheke.at\/katalog\/wp-json\/wp\/v2\/media\/41557"}],"wp:attachment":[{"href":"https:\/\/www.hirtenberg-apotheke.at\/katalog\/wp-json\/wp\/v2\/media?parent=41555"}],"wp:term":[{"taxonomy":"product_brand","embeddable":true,"href":"https:\/\/www.hirtenberg-apotheke.at\/katalog\/wp-json\/wp\/v2\/product_brand?post=41555"},{"taxonomy":"product_cat","embeddable":true,"href":"https:\/\/www.hirtenberg-apotheke.at\/katalog\/wp-json\/wp\/v2\/product_cat?post=41555"},{"taxonomy":"product_tag","embeddable":true,"href":"https:\/\/www.hirtenberg-apotheke.at\/katalog\/wp-json\/wp\/v2\/product_tag?post=41555"}],"curies":[{"name":"wp","href":"https:\/\/api.w.org\/{rel}","templated":true}]}}