{"id":41582,"date":"2025-11-26T08:21:27","date_gmt":"2025-11-26T07:21:27","guid":{"rendered":"https:\/\/www.hirtenberg-apotheke.at\/katalog\/produkt\/the-nutri-store-creatin-monohydrat-100-rein-pulver-500-g\/"},"modified":"2025-11-26T08:21:35","modified_gmt":"2025-11-26T07:21:35","slug":"the-nutri-store-creatin-monohydrat-100-rein-pulver-500-g","status":"publish","type":"product","link":"https:\/\/www.hirtenberg-apotheke.at\/katalog\/produkt\/the-nutri-store-creatin-monohydrat-100-rein-pulver-500-g\/","title":{"rendered":"The Nutri Store Creatin Monohydrat 100 % rein Pulver 500 g"},"content":{"rendered":"<p>The Nutri Store Creatin Monohydrat 100 % rein Pulver ist geschmacksneutral und f\u00fcr optimale L\u00f6slichkeit und Aufnahme feinstvermahlen. Es sollte in Wasser, Fruchtsaft oder in ein Elektrolytgetr\u00e4nk einger\u00fchrt werden.Verzehrsempfehlung: Verzehren Sie t\u00e4glich 2 \u2013 5 g Creatin Monohydrat. Ein geh\u00e4ufter Teel\u00f6ffel entspricht ca. 5 g.<\/p>\n","protected":false},"excerpt":{"rendered":"<p>The Nutri Store Creatin Monohydrat 100 % rein Pulver ist geschmacksneutral und f\u00fcr optimale L\u00f6slichkeit und Aufnahme feinstvermahlen. Es sollte in Wasser, Fruchtsaft oder in ein Elektrolytgetr\u00e4nk einger\u00fchrt werden.Verzehrsempfehlung: Verzehren Sie t\u00e4glich 2 \u2013 5 g Creatin Monohydrat. Ein geh\u00e4ufter Teel\u00f6ffel entspricht ca. 5 g.<\/p>\n","protected":false},"featured_media":0,"template":"","meta":{"_acf_changed":false},"product_brand":[],"product_cat":[319],"product_tag":[],"class_list":{"0":"post-41582","1":"product","2":"type-product","3":"status-publish","5":"product_cat-t","6":"pa_packungsgroesse-500g","8":"first","9":"instock","10":"shipping-taxable","11":"purchasable","12":"product-type-simple"},"acf":[],"_links":{"self":[{"href":"https:\/\/www.hirtenberg-apotheke.at\/katalog\/wp-json\/wp\/v2\/product\/41582","targetHints":{"allow":["GET"]}}],"collection":[{"href":"https:\/\/www.hirtenberg-apotheke.at\/katalog\/wp-json\/wp\/v2\/product"}],"about":[{"href":"https:\/\/www.hirtenberg-apotheke.at\/katalog\/wp-json\/wp\/v2\/types\/product"}],"wp:attachment":[{"href":"https:\/\/www.hirtenberg-apotheke.at\/katalog\/wp-json\/wp\/v2\/media?parent=41582"}],"wp:term":[{"taxonomy":"product_brand","embeddable":true,"href":"https:\/\/www.hirtenberg-apotheke.at\/katalog\/wp-json\/wp\/v2\/product_brand?post=41582"},{"taxonomy":"product_cat","embeddable":true,"href":"https:\/\/www.hirtenberg-apotheke.at\/katalog\/wp-json\/wp\/v2\/product_cat?post=41582"},{"taxonomy":"product_tag","embeddable":true,"href":"https:\/\/www.hirtenberg-apotheke.at\/katalog\/wp-json\/wp\/v2\/product_tag?post=41582"}],"curies":[{"name":"wp","href":"https:\/\/api.w.org\/{rel}","templated":true}]}}