{"id":41624,"date":"2025-11-26T08:22:05","date_gmt":"2025-11-26T07:22:05","guid":{"rendered":"https:\/\/www.hirtenberg-apotheke.at\/katalog\/produkt\/mascara-med-wimperwachstum-pflege-mascara-5-ml\/"},"modified":"2025-11-26T08:22:17","modified_gmt":"2025-11-26T07:22:17","slug":"mascara-med-wimperwachstum-pflege-mascara-5-ml","status":"publish","type":"product","link":"https:\/\/www.hirtenberg-apotheke.at\/katalog\/produkt\/mascara-med-wimperwachstum-pflege-mascara-5-ml\/","title":{"rendered":"Mascara med \u2013 Wimperwachstum &#038; Pflege Mascara 5 ml"},"content":{"rendered":"<p>Mascara med \u2013 Wimperwachstum &#038; Pflege Mascara t\u00f6nt Ihre Wimpern intensiv schwarz und f\u00f6rdert das Wimpernwachstum. Der Mascara n\u00e4hrt und pflegt durch den modernen Wirkstoffkomplex &#8211; jetzt mit hohem Rabatt bestellen f\u00fcr den perfekten Augenaufschlag!<\/p>\n","protected":false},"excerpt":{"rendered":"<p>Mascara med \u2013 Wimperwachstum &#038; Pflege Mascara t\u00f6nt Ihre Wimpern intensiv schwarz und f\u00f6rdert das Wimpernwachstum. Der Mascara n\u00e4hrt und pflegt durch den modernen Wirkstoffkomplex &#8211; jetzt mit hohem Rabatt bestellen f\u00fcr den perfekten Augenaufschlag!<\/p>\n","protected":false},"featured_media":0,"template":"","meta":{"_acf_changed":false},"product_brand":[],"product_cat":[308],"product_tag":[],"class_list":{"0":"post-41624","1":"product","2":"type-product","3":"status-publish","5":"product_cat-m","6":"pa_packungsgroesse-5ml","8":"first","9":"instock","10":"shipping-taxable","11":"purchasable","12":"product-type-simple"},"acf":[],"_links":{"self":[{"href":"https:\/\/www.hirtenberg-apotheke.at\/katalog\/wp-json\/wp\/v2\/product\/41624","targetHints":{"allow":["GET"]}}],"collection":[{"href":"https:\/\/www.hirtenberg-apotheke.at\/katalog\/wp-json\/wp\/v2\/product"}],"about":[{"href":"https:\/\/www.hirtenberg-apotheke.at\/katalog\/wp-json\/wp\/v2\/types\/product"}],"wp:attachment":[{"href":"https:\/\/www.hirtenberg-apotheke.at\/katalog\/wp-json\/wp\/v2\/media?parent=41624"}],"wp:term":[{"taxonomy":"product_brand","embeddable":true,"href":"https:\/\/www.hirtenberg-apotheke.at\/katalog\/wp-json\/wp\/v2\/product_brand?post=41624"},{"taxonomy":"product_cat","embeddable":true,"href":"https:\/\/www.hirtenberg-apotheke.at\/katalog\/wp-json\/wp\/v2\/product_cat?post=41624"},{"taxonomy":"product_tag","embeddable":true,"href":"https:\/\/www.hirtenberg-apotheke.at\/katalog\/wp-json\/wp\/v2\/product_tag?post=41624"}],"curies":[{"name":"wp","href":"https:\/\/api.w.org\/{rel}","templated":true}]}}