{"id":41644,"date":"2025-11-26T08:22:21","date_gmt":"2025-11-26T07:22:21","guid":{"rendered":"https:\/\/www.hirtenberg-apotheke.at\/katalog\/produkt\/schusters-spitzwegerich-bonbons-zuckerfrei-100-g\/"},"modified":"2025-11-26T08:22:46","modified_gmt":"2025-11-26T07:22:46","slug":"schusters-spitzwegerich-bonbons-zuckerfrei-100-g","status":"publish","type":"product","link":"https:\/\/www.hirtenberg-apotheke.at\/katalog\/produkt\/schusters-spitzwegerich-bonbons-zuckerfrei-100-g\/","title":{"rendered":"Schuster\u2019s Spitzwegerich Bonbons zuckerfrei 100 g"},"content":{"rendered":"<p>Bonbons nach Schuster\u2019s bew\u00e4hrtem Spitzwegerich-Hausrezept ohne Zucker beruhigen und bes\u00e4nftigen zus\u00e4tzlich Hals und Hustenreiz. Wir verwenden daf\u00fcr die reinen Kr\u00e4uterextrakte des Spitzwegerich.<\/p>\n","protected":false},"excerpt":{"rendered":"<p>Bonbons nach Schuster\u2019s bew\u00e4hrtem Spitzwegerich-Hausrezept ohne Zucker beruhigen und bes\u00e4nftigen zus\u00e4tzlich Hals und Hustenreiz. Wir verwenden daf\u00fcr die reinen Kr\u00e4uterextrakte des Spitzwegerich.<\/p>\n","protected":false},"featured_media":41646,"template":"","meta":{"_acf_changed":false},"product_brand":[],"product_cat":[303],"product_tag":[],"class_list":{"0":"post-41644","1":"product","2":"type-product","3":"status-publish","4":"has-post-thumbnail","6":"product_cat-s","7":"pa_packungsgroesse-100g","9":"first","10":"instock","11":"shipping-taxable","12":"purchasable","13":"product-type-simple"},"acf":[],"_links":{"self":[{"href":"https:\/\/www.hirtenberg-apotheke.at\/katalog\/wp-json\/wp\/v2\/product\/41644","targetHints":{"allow":["GET"]}}],"collection":[{"href":"https:\/\/www.hirtenberg-apotheke.at\/katalog\/wp-json\/wp\/v2\/product"}],"about":[{"href":"https:\/\/www.hirtenberg-apotheke.at\/katalog\/wp-json\/wp\/v2\/types\/product"}],"wp:featuredmedia":[{"embeddable":true,"href":"https:\/\/www.hirtenberg-apotheke.at\/katalog\/wp-json\/wp\/v2\/media\/41646"}],"wp:attachment":[{"href":"https:\/\/www.hirtenberg-apotheke.at\/katalog\/wp-json\/wp\/v2\/media?parent=41644"}],"wp:term":[{"taxonomy":"product_brand","embeddable":true,"href":"https:\/\/www.hirtenberg-apotheke.at\/katalog\/wp-json\/wp\/v2\/product_brand?post=41644"},{"taxonomy":"product_cat","embeddable":true,"href":"https:\/\/www.hirtenberg-apotheke.at\/katalog\/wp-json\/wp\/v2\/product_cat?post=41644"},{"taxonomy":"product_tag","embeddable":true,"href":"https:\/\/www.hirtenberg-apotheke.at\/katalog\/wp-json\/wp\/v2\/product_tag?post=41644"}],"curies":[{"name":"wp","href":"https:\/\/api.w.org\/{rel}","templated":true}]}}