{"id":41730,"date":"2025-11-26T08:24:06","date_gmt":"2025-11-26T07:24:06","guid":{"rendered":"https:\/\/www.hirtenberg-apotheke.at\/katalog\/produkt\/airmenbeans-kaffee-guarana-pastillen-21-stk\/"},"modified":"2025-11-26T08:24:08","modified_gmt":"2025-11-26T07:24:08","slug":"airmenbeans-kaffee-guarana-pastillen-21-stk","status":"publish","type":"product","link":"https:\/\/www.hirtenberg-apotheke.at\/katalog\/produkt\/airmenbeans-kaffee-guarana-pastillen-21-stk\/","title":{"rendered":"AirmenBeans Kaffee-Guarana Pastillen 21 Stk."},"content":{"rendered":"<p>AirmenBeans Kaffee-Guarana Pastillen sind kleine Helfer, wenn&#8217;s mal etwas l\u00e4nger dauert, stressiger, nicht so spannend, oder so richtig Leistung gefragt ist. Nat\u00fcrlich aber auch nur zum Genie\u00dfen.<\/p>\n","protected":false},"excerpt":{"rendered":"<p>AirmenBeans Kaffee-Guarana Pastillen sind kleine Helfer, wenn&#8217;s mal etwas l\u00e4nger dauert, stressiger, nicht so spannend, oder so richtig Leistung gefragt ist. Nat\u00fcrlich aber auch nur zum Genie\u00dfen.<\/p>\n","protected":false},"featured_media":0,"template":"","meta":{"_acf_changed":false},"product_brand":[],"product_cat":[299],"product_tag":[],"class_list":{"0":"post-41730","1":"product","2":"type-product","3":"status-publish","5":"product_cat-a","6":"pa_packungsgroesse-21g","8":"first","9":"instock","10":"shipping-taxable","11":"purchasable","12":"product-type-simple"},"acf":[],"_links":{"self":[{"href":"https:\/\/www.hirtenberg-apotheke.at\/katalog\/wp-json\/wp\/v2\/product\/41730","targetHints":{"allow":["GET"]}}],"collection":[{"href":"https:\/\/www.hirtenberg-apotheke.at\/katalog\/wp-json\/wp\/v2\/product"}],"about":[{"href":"https:\/\/www.hirtenberg-apotheke.at\/katalog\/wp-json\/wp\/v2\/types\/product"}],"wp:attachment":[{"href":"https:\/\/www.hirtenberg-apotheke.at\/katalog\/wp-json\/wp\/v2\/media?parent=41730"}],"wp:term":[{"taxonomy":"product_brand","embeddable":true,"href":"https:\/\/www.hirtenberg-apotheke.at\/katalog\/wp-json\/wp\/v2\/product_brand?post=41730"},{"taxonomy":"product_cat","embeddable":true,"href":"https:\/\/www.hirtenberg-apotheke.at\/katalog\/wp-json\/wp\/v2\/product_cat?post=41730"},{"taxonomy":"product_tag","embeddable":true,"href":"https:\/\/www.hirtenberg-apotheke.at\/katalog\/wp-json\/wp\/v2\/product_tag?post=41730"}],"curies":[{"name":"wp","href":"https:\/\/api.w.org\/{rel}","templated":true}]}}