{"id":41890,"date":"2025-11-26T08:26:55","date_gmt":"2025-11-26T07:26:55","guid":{"rendered":"https:\/\/www.hirtenberg-apotheke.at\/katalog\/produkt\/bsn-elastomull-4-m-x-10-cm-2-stk\/"},"modified":"2025-11-26T08:27:04","modified_gmt":"2025-11-26T07:27:04","slug":"bsn-elastomull-4-m-x-10-cm-2-stk","status":"publish","type":"product","link":"https:\/\/www.hirtenberg-apotheke.at\/katalog\/produkt\/bsn-elastomull-4-m-x-10-cm-2-stk\/","title":{"rendered":"BSN Elastomull 4 m x 10 cm 2 Stk."},"content":{"rendered":"<p>BSN Elastomull\u00ae 4 m x 10 cm 2 Stk. ist eine hochelastische Fixierbinde mit hohem Baumwollanteil. Die hervorragende Elastizit\u00e4t des Gewebes mit hoher R\u00fcckstellkraft und gro\u00dfer Dehnungsreserve erm\u00f6glicht ein schnelles und materialsparendes Anlegen. Die Elastizit\u00e4t bleibt auch bei l\u00e4ngerem Tragen erhalten. Aufgrund des hohen Naturfaseranteils wird Feuchtigkeit gut aufgenommen, Schwitzen und Hautjucken werden so weitgehend verhindert. Elastomull\u00ae ist weich und sanft zur Haut. Elastomull\u00ae eignet sich zur Fixierung von Wundauflagen, insbesondere an viel bewegten und konischen K\u00f6rperteilen, sowie an Gelenken.<\/p>\n","protected":false},"excerpt":{"rendered":"<p>BSN Elastomull\u00ae 4 m x 10 cm 2 Stk. ist eine hochelastische Fixierbinde mit hohem Baumwollanteil. Die hervorragende Elastizit\u00e4t des Gewebes mit hoher R\u00fcckstellkraft und gro\u00dfer Dehnungsreserve erm\u00f6glicht ein schnelles und materialsparendes Anlegen. Die Elastizit\u00e4t bleibt auch bei l\u00e4ngerem Tragen erhalten. Aufgrund des hohen Naturfaseranteils wird Feuchtigkeit gut aufgenommen, Schwitzen und Hautjucken werden so weitgehend [&hellip;]<\/p>\n","protected":false},"featured_media":0,"template":"","meta":{"_acf_changed":false},"product_brand":[],"product_cat":[292],"product_tag":[],"class_list":{"0":"post-41890","1":"product","2":"type-product","3":"status-publish","5":"product_cat-b","6":"pa_packungsgroesse-2-stueck","8":"first","9":"instock","10":"shipping-taxable","11":"purchasable","12":"product-type-simple"},"acf":[],"_links":{"self":[{"href":"https:\/\/www.hirtenberg-apotheke.at\/katalog\/wp-json\/wp\/v2\/product\/41890","targetHints":{"allow":["GET"]}}],"collection":[{"href":"https:\/\/www.hirtenberg-apotheke.at\/katalog\/wp-json\/wp\/v2\/product"}],"about":[{"href":"https:\/\/www.hirtenberg-apotheke.at\/katalog\/wp-json\/wp\/v2\/types\/product"}],"wp:attachment":[{"href":"https:\/\/www.hirtenberg-apotheke.at\/katalog\/wp-json\/wp\/v2\/media?parent=41890"}],"wp:term":[{"taxonomy":"product_brand","embeddable":true,"href":"https:\/\/www.hirtenberg-apotheke.at\/katalog\/wp-json\/wp\/v2\/product_brand?post=41890"},{"taxonomy":"product_cat","embeddable":true,"href":"https:\/\/www.hirtenberg-apotheke.at\/katalog\/wp-json\/wp\/v2\/product_cat?post=41890"},{"taxonomy":"product_tag","embeddable":true,"href":"https:\/\/www.hirtenberg-apotheke.at\/katalog\/wp-json\/wp\/v2\/product_tag?post=41890"}],"curies":[{"name":"wp","href":"https:\/\/api.w.org\/{rel}","templated":true}]}}