{"id":41898,"date":"2025-11-26T08:27:10","date_gmt":"2025-11-26T07:27:10","guid":{"rendered":"https:\/\/www.hirtenberg-apotheke.at\/katalog\/produkt\/la-roche-posay-toleriane-mascara-wasserfest-schwarz-74-ml\/"},"modified":"2025-11-26T08:27:17","modified_gmt":"2025-11-26T07:27:17","slug":"la-roche-posay-toleriane-mascara-wasserfest-schwarz-74-ml","status":"publish","type":"product","link":"https:\/\/www.hirtenberg-apotheke.at\/katalog\/produkt\/la-roche-posay-toleriane-mascara-wasserfest-schwarz-74-ml\/","title":{"rendered":"La Roche-Posay Toleriane Mascara Wasserfest schwarz 7,4 ml"},"content":{"rendered":"<p>La Roche-Posay Mascara Toleriane Waterproof &#8211; F\u00fcr empfindliche Augen und Kontaktlinsentr\u00e4gerinnen. Beim Mascara WATERPROOF legen sich impr\u00e4gnierend wirkende Substanzen wasserabweisend um die Wimpern. \u00d6le, die beim Verdunsten die Wachse auf der Wimper fixieren, sorgen f\u00fcr extremen Halt. Mit pflegendem Jojoba\u00f6l und Ceramiden. Die weiche B\u00fcrste mildert Irritationen speziell bei empfindlichen Augen.<\/p>\n","protected":false},"excerpt":{"rendered":"<p>La Roche-Posay Mascara Toleriane Waterproof &#8211; F\u00fcr empfindliche Augen und Kontaktlinsentr\u00e4gerinnen. Beim Mascara WATERPROOF legen sich impr\u00e4gnierend wirkende Substanzen wasserabweisend um die Wimpern. \u00d6le, die beim Verdunsten die Wachse auf der Wimper fixieren, sorgen f\u00fcr extremen Halt. Mit pflegendem Jojoba\u00f6l und Ceramiden. Die weiche B\u00fcrste mildert Irritationen speziell bei empfindlichen Augen.<\/p>\n","protected":false},"featured_media":0,"template":"","meta":{"_acf_changed":false},"product_brand":[692],"product_cat":[317],"product_tag":[],"class_list":{"0":"post-41898","1":"product","2":"type-product","3":"status-publish","5":"product_brand-la-roche-posay","6":"product_cat-l","7":"pa_packungsgroesse-1-stueck","9":"first","10":"instock","11":"shipping-taxable","12":"purchasable","13":"product-type-simple"},"acf":[],"_links":{"self":[{"href":"https:\/\/www.hirtenberg-apotheke.at\/katalog\/wp-json\/wp\/v2\/product\/41898","targetHints":{"allow":["GET"]}}],"collection":[{"href":"https:\/\/www.hirtenberg-apotheke.at\/katalog\/wp-json\/wp\/v2\/product"}],"about":[{"href":"https:\/\/www.hirtenberg-apotheke.at\/katalog\/wp-json\/wp\/v2\/types\/product"}],"wp:attachment":[{"href":"https:\/\/www.hirtenberg-apotheke.at\/katalog\/wp-json\/wp\/v2\/media?parent=41898"}],"wp:term":[{"taxonomy":"product_brand","embeddable":true,"href":"https:\/\/www.hirtenberg-apotheke.at\/katalog\/wp-json\/wp\/v2\/product_brand?post=41898"},{"taxonomy":"product_cat","embeddable":true,"href":"https:\/\/www.hirtenberg-apotheke.at\/katalog\/wp-json\/wp\/v2\/product_cat?post=41898"},{"taxonomy":"product_tag","embeddable":true,"href":"https:\/\/www.hirtenberg-apotheke.at\/katalog\/wp-json\/wp\/v2\/product_tag?post=41898"}],"curies":[{"name":"wp","href":"https:\/\/api.w.org\/{rel}","templated":true}]}}