{"id":41909,"date":"2025-11-26T08:27:23","date_gmt":"2025-11-26T07:27:23","guid":{"rendered":"https:\/\/www.hirtenberg-apotheke.at\/katalog\/produkt\/la-roche-respectissime-mascara-m-dimensions-1stueck\/"},"modified":"2025-11-26T08:27:36","modified_gmt":"2025-11-26T07:27:36","slug":"la-roche-respectissime-mascara-m-dimensions-1stueck","status":"publish","type":"product","link":"https:\/\/www.hirtenberg-apotheke.at\/katalog\/produkt\/la-roche-respectissime-mascara-m-dimensions-1stueck\/","title":{"rendered":"La Roche RESPECTISSIME MASCARA M-Dimensions &#8211; 1St\u00fcck"},"content":{"rendered":"<p>La Roche-Posay Mascara Respectissime umh\u00fcllt und definiert sofort jede einzelne Wimper f\u00fcr maximale F\u00fclle. Die Formel mit Wimpern-Pflege-Serum kr\u00e4ftigt und pflegt die Wimpern. Der Mascara verleiht 16 Stunden angenehmen Halt und h\u00f6chste Vertr\u00e4glichkeit mit gereinigten Mineralpigmenten und nachgebildeter Tr\u00e4nenfl\u00fcssigkeit und ist mit einer sanften Pr\u00e4zisions-B\u00fcrste f\u00fcr leichtes, angenehmes Auftragen ohne Reiben ausgestattet.<\/p>\n","protected":false},"excerpt":{"rendered":"<p>La Roche-Posay Mascara Respectissime umh\u00fcllt und definiert sofort jede einzelne Wimper f\u00fcr maximale F\u00fclle. Die Formel mit Wimpern-Pflege-Serum kr\u00e4ftigt und pflegt die Wimpern. Der Mascara verleiht 16 Stunden angenehmen Halt und h\u00f6chste Vertr\u00e4glichkeit mit gereinigten Mineralpigmenten und nachgebildeter Tr\u00e4nenfl\u00fcssigkeit und ist mit einer sanften Pr\u00e4zisions-B\u00fcrste f\u00fcr leichtes, angenehmes Auftragen ohne Reiben ausgestattet.<\/p>\n","protected":false},"featured_media":41911,"template":"","meta":{"_acf_changed":false},"product_brand":[692],"product_cat":[317],"product_tag":[],"class_list":{"0":"post-41909","1":"product","2":"type-product","3":"status-publish","4":"has-post-thumbnail","6":"product_brand-la-roche-posay","7":"product_cat-l","8":"pa_packungsgroesse-1-stueck","10":"first","11":"instock","12":"shipping-taxable","13":"purchasable","14":"product-type-simple"},"acf":[],"_links":{"self":[{"href":"https:\/\/www.hirtenberg-apotheke.at\/katalog\/wp-json\/wp\/v2\/product\/41909","targetHints":{"allow":["GET"]}}],"collection":[{"href":"https:\/\/www.hirtenberg-apotheke.at\/katalog\/wp-json\/wp\/v2\/product"}],"about":[{"href":"https:\/\/www.hirtenberg-apotheke.at\/katalog\/wp-json\/wp\/v2\/types\/product"}],"wp:featuredmedia":[{"embeddable":true,"href":"https:\/\/www.hirtenberg-apotheke.at\/katalog\/wp-json\/wp\/v2\/media\/41911"}],"wp:attachment":[{"href":"https:\/\/www.hirtenberg-apotheke.at\/katalog\/wp-json\/wp\/v2\/media?parent=41909"}],"wp:term":[{"taxonomy":"product_brand","embeddable":true,"href":"https:\/\/www.hirtenberg-apotheke.at\/katalog\/wp-json\/wp\/v2\/product_brand?post=41909"},{"taxonomy":"product_cat","embeddable":true,"href":"https:\/\/www.hirtenberg-apotheke.at\/katalog\/wp-json\/wp\/v2\/product_cat?post=41909"},{"taxonomy":"product_tag","embeddable":true,"href":"https:\/\/www.hirtenberg-apotheke.at\/katalog\/wp-json\/wp\/v2\/product_tag?post=41909"}],"curies":[{"name":"wp","href":"https:\/\/api.w.org\/{rel}","templated":true}]}}