{"id":41995,"date":"2025-11-26T08:29:16","date_gmt":"2025-11-26T07:29:16","guid":{"rendered":"https:\/\/www.hirtenberg-apotheke.at\/katalog\/produkt\/nova-t-380-1-stk\/"},"modified":"2025-11-26T08:29:19","modified_gmt":"2025-11-26T07:29:19","slug":"nova-t-380-1-stk","status":"publish","type":"product","link":"https:\/\/www.hirtenberg-apotheke.at\/katalog\/produkt\/nova-t-380-1-stk\/","title":{"rendered":"Nova T 380 1 Stk."},"content":{"rendered":"<p>Nova T 380 ist eine Kupferspirale, welche sich durch eine hohe Zufriedenheitsquote bei den Anwenderinnen auszeichnet. Die T-Spirale ist wie jede Kupferspirale eine Langzeit-Verh\u00fctungsmethode und kann je nach Modell drei bis f\u00fcnf Jahre in der Geb\u00e4rmutter im K\u00f6rper der Frau verbleiben. Die T-Spirale wirkt ohne Hormone und ruft daher auch keine systemischen Nebenwirkungen hervor, wie sie von hormonellen Verh\u00fctungsmethoden bekannt sind.<\/p>\n","protected":false},"excerpt":{"rendered":"<p>Nova T 380 ist eine Kupferspirale, welche sich durch eine hohe Zufriedenheitsquote bei den Anwenderinnen auszeichnet. Die T-Spirale ist wie jede Kupferspirale eine Langzeit-Verh\u00fctungsmethode und kann je nach Modell drei bis f\u00fcnf Jahre in der Geb\u00e4rmutter im K\u00f6rper der Frau verbleiben. Die T-Spirale wirkt ohne Hormone und ruft daher auch keine systemischen Nebenwirkungen hervor, wie [&hellip;]<\/p>\n","protected":false},"featured_media":0,"template":"","meta":{"_acf_changed":false},"product_brand":[],"product_cat":[310],"product_tag":[],"class_list":{"0":"post-41995","1":"product","2":"type-product","3":"status-publish","5":"product_cat-n","6":"pa_packungsgroesse-1-stueck","8":"first","9":"instock","10":"shipping-taxable","11":"purchasable","12":"product-type-simple"},"acf":[],"_links":{"self":[{"href":"https:\/\/www.hirtenberg-apotheke.at\/katalog\/wp-json\/wp\/v2\/product\/41995","targetHints":{"allow":["GET"]}}],"collection":[{"href":"https:\/\/www.hirtenberg-apotheke.at\/katalog\/wp-json\/wp\/v2\/product"}],"about":[{"href":"https:\/\/www.hirtenberg-apotheke.at\/katalog\/wp-json\/wp\/v2\/types\/product"}],"wp:attachment":[{"href":"https:\/\/www.hirtenberg-apotheke.at\/katalog\/wp-json\/wp\/v2\/media?parent=41995"}],"wp:term":[{"taxonomy":"product_brand","embeddable":true,"href":"https:\/\/www.hirtenberg-apotheke.at\/katalog\/wp-json\/wp\/v2\/product_brand?post=41995"},{"taxonomy":"product_cat","embeddable":true,"href":"https:\/\/www.hirtenberg-apotheke.at\/katalog\/wp-json\/wp\/v2\/product_cat?post=41995"},{"taxonomy":"product_tag","embeddable":true,"href":"https:\/\/www.hirtenberg-apotheke.at\/katalog\/wp-json\/wp\/v2\/product_tag?post=41995"}],"curies":[{"name":"wp","href":"https:\/\/api.w.org\/{rel}","templated":true}]}}