{"id":42004,"date":"2025-11-26T08:29:16","date_gmt":"2025-11-26T07:29:16","guid":{"rendered":"https:\/\/www.hirtenberg-apotheke.at\/katalog\/produkt\/pulmoll-bonbons-ohne-zucker-50-g-eukalyptus-menthol\/"},"modified":"2025-11-26T08:29:33","modified_gmt":"2025-11-26T07:29:33","slug":"pulmoll-bonbons-ohne-zucker-50-g-eukalyptus-menthol","status":"publish","type":"product","link":"https:\/\/www.hirtenberg-apotheke.at\/katalog\/produkt\/pulmoll-bonbons-ohne-zucker-50-g-eukalyptus-menthol\/","title":{"rendered":"Pulmoll Bonbons ohne Zucker 50 g Eukalyptus-Menthol"},"content":{"rendered":"<p>Pulmoll Bonbons Eukalyptus-Menthol zuckerfrei sind mit Stevia ges\u00fc\u00dft und zahnfreundlich. Sie enthalten Eukalyptus\u00f6l und Menthol, welches erfrischt und befreit. Durch ihren Menthol-Gehalt sorgen Pulmoll Bonbons f\u00fcr einen wohltuenden Genuss..<\/p>\n","protected":false},"excerpt":{"rendered":"<p>Pulmoll Bonbons Eukalyptus-Menthol zuckerfrei sind mit Stevia ges\u00fc\u00dft und zahnfreundlich. Sie enthalten Eukalyptus\u00f6l und Menthol, welches erfrischt und befreit. Durch ihren Menthol-Gehalt sorgen Pulmoll Bonbons f\u00fcr einen wohltuenden Genuss..<\/p>\n","protected":false},"featured_media":0,"template":"","meta":{"_acf_changed":false},"product_brand":[],"product_cat":[302],"product_tag":[],"class_list":{"0":"post-42004","1":"product","2":"type-product","3":"status-publish","5":"product_cat-p","6":"pa_packungsgroesse-50g","8":"first","9":"instock","10":"shipping-taxable","11":"purchasable","12":"product-type-simple"},"acf":[],"_links":{"self":[{"href":"https:\/\/www.hirtenberg-apotheke.at\/katalog\/wp-json\/wp\/v2\/product\/42004","targetHints":{"allow":["GET"]}}],"collection":[{"href":"https:\/\/www.hirtenberg-apotheke.at\/katalog\/wp-json\/wp\/v2\/product"}],"about":[{"href":"https:\/\/www.hirtenberg-apotheke.at\/katalog\/wp-json\/wp\/v2\/types\/product"}],"wp:attachment":[{"href":"https:\/\/www.hirtenberg-apotheke.at\/katalog\/wp-json\/wp\/v2\/media?parent=42004"}],"wp:term":[{"taxonomy":"product_brand","embeddable":true,"href":"https:\/\/www.hirtenberg-apotheke.at\/katalog\/wp-json\/wp\/v2\/product_brand?post=42004"},{"taxonomy":"product_cat","embeddable":true,"href":"https:\/\/www.hirtenberg-apotheke.at\/katalog\/wp-json\/wp\/v2\/product_cat?post=42004"},{"taxonomy":"product_tag","embeddable":true,"href":"https:\/\/www.hirtenberg-apotheke.at\/katalog\/wp-json\/wp\/v2\/product_tag?post=42004"}],"curies":[{"name":"wp","href":"https:\/\/api.w.org\/{rel}","templated":true}]}}