{"id":42035,"date":"2025-11-26T08:29:58","date_gmt":"2025-11-26T07:29:58","guid":{"rendered":"https:\/\/www.hirtenberg-apotheke.at\/katalog\/produkt\/amaro-artischocken-bitter-kraeuter-elixier-330-ml\/"},"modified":"2025-11-26T08:30:01","modified_gmt":"2025-11-26T07:30:01","slug":"amaro-artischocken-bitter-kraeuter-elixier-330-ml","status":"publish","type":"product","link":"https:\/\/www.hirtenberg-apotheke.at\/katalog\/produkt\/amaro-artischocken-bitter-kraeuter-elixier-330-ml\/","title":{"rendered":"Amaro Artischocken Bitter-Kr\u00e4uter Elixier 330 ml"},"content":{"rendered":"<p>Amaro Artischocken Bitter-Kr\u00e4uter Elixier tr\u00e4gt zu einem normalen Stoffwechsel von Fett und zum Schutz der Zellen vor oxidativem Stress bei.<\/p>\n","protected":false},"excerpt":{"rendered":"<p>Amaro Artischocken Bitter-Kr\u00e4uter Elixier tr\u00e4gt zu einem normalen Stoffwechsel von Fett und zum Schutz der Zellen vor oxidativem Stress bei.<\/p>\n","protected":false},"featured_media":42037,"template":"","meta":{"_acf_changed":false},"product_brand":[],"product_cat":[299],"product_tag":[],"class_list":{"0":"post-42035","1":"product","2":"type-product","3":"status-publish","4":"has-post-thumbnail","6":"product_cat-a","7":"pa_packungsgroesse-330ml","9":"first","10":"instock","11":"shipping-taxable","12":"purchasable","13":"product-type-simple"},"acf":[],"_links":{"self":[{"href":"https:\/\/www.hirtenberg-apotheke.at\/katalog\/wp-json\/wp\/v2\/product\/42035","targetHints":{"allow":["GET"]}}],"collection":[{"href":"https:\/\/www.hirtenberg-apotheke.at\/katalog\/wp-json\/wp\/v2\/product"}],"about":[{"href":"https:\/\/www.hirtenberg-apotheke.at\/katalog\/wp-json\/wp\/v2\/types\/product"}],"wp:featuredmedia":[{"embeddable":true,"href":"https:\/\/www.hirtenberg-apotheke.at\/katalog\/wp-json\/wp\/v2\/media\/42037"}],"wp:attachment":[{"href":"https:\/\/www.hirtenberg-apotheke.at\/katalog\/wp-json\/wp\/v2\/media?parent=42035"}],"wp:term":[{"taxonomy":"product_brand","embeddable":true,"href":"https:\/\/www.hirtenberg-apotheke.at\/katalog\/wp-json\/wp\/v2\/product_brand?post=42035"},{"taxonomy":"product_cat","embeddable":true,"href":"https:\/\/www.hirtenberg-apotheke.at\/katalog\/wp-json\/wp\/v2\/product_cat?post=42035"},{"taxonomy":"product_tag","embeddable":true,"href":"https:\/\/www.hirtenberg-apotheke.at\/katalog\/wp-json\/wp\/v2\/product_tag?post=42035"}],"curies":[{"name":"wp","href":"https:\/\/api.w.org\/{rel}","templated":true}]}}