{"id":42038,"date":"2025-11-26T08:29:58","date_gmt":"2025-11-26T07:29:58","guid":{"rendered":"https:\/\/www.hirtenberg-apotheke.at\/katalog\/produkt\/nicapur-omega-3-premium-700-60-stk\/"},"modified":"2025-11-26T08:30:14","modified_gmt":"2025-11-26T07:30:14","slug":"nicapur-omega-3-premium-700-60-stk","status":"publish","type":"product","link":"https:\/\/www.hirtenberg-apotheke.at\/katalog\/produkt\/nicapur-omega-3-premium-700-60-stk\/","title":{"rendered":"Nicapur Omega 3 Premium 700 60 Stk."},"content":{"rendered":"<p>Omega 3 Premium 700 ist ein Nahrungserg\u00e4nzungsmittel mit den mehrfach unges\u00e4ttigten, essentiellen Omega-3-Fetts\u00e4uren EPA (Eicosapentaens\u00e4ure) und DHA (Docosahexaens\u00e4ure) und Vitamin E. Omega-3-Fetts\u00e4uren unterst\u00fctzen die Herzfunktion, den Blutdruck und die Triglyceridspiegel. Die essentielle Omega-3-Fetts\u00e4ure DHA unterst\u00fctzt au\u00dferdem die Sehkraft und leistet einen Beitrag zu einer normalen Gehirnfunktion..<\/p>\n","protected":false},"excerpt":{"rendered":"<p>Omega 3 Premium 700 ist ein Nahrungserg\u00e4nzungsmittel mit den mehrfach unges\u00e4ttigten, essentiellen Omega-3-Fetts\u00e4uren EPA (Eicosapentaens\u00e4ure) und DHA (Docosahexaens\u00e4ure) und Vitamin E. Omega-3-Fetts\u00e4uren unterst\u00fctzen die Herzfunktion, den Blutdruck und die Triglyceridspiegel. Die essentielle Omega-3-Fetts\u00e4ure DHA unterst\u00fctzt au\u00dferdem die Sehkraft und leistet einen Beitrag zu einer normalen Gehirnfunktion..<\/p>\n","protected":false},"featured_media":42040,"template":"","meta":{"_acf_changed":false},"product_brand":[309],"product_cat":[310],"product_tag":[],"class_list":{"0":"post-42038","1":"product","2":"type-product","3":"status-publish","4":"has-post-thumbnail","6":"product_brand-nicapur","7":"product_cat-n","8":"pa_packungsgroesse-60-stueck","10":"first","11":"instock","12":"shipping-taxable","13":"purchasable","14":"product-type-simple"},"acf":[],"_links":{"self":[{"href":"https:\/\/www.hirtenberg-apotheke.at\/katalog\/wp-json\/wp\/v2\/product\/42038","targetHints":{"allow":["GET"]}}],"collection":[{"href":"https:\/\/www.hirtenberg-apotheke.at\/katalog\/wp-json\/wp\/v2\/product"}],"about":[{"href":"https:\/\/www.hirtenberg-apotheke.at\/katalog\/wp-json\/wp\/v2\/types\/product"}],"wp:featuredmedia":[{"embeddable":true,"href":"https:\/\/www.hirtenberg-apotheke.at\/katalog\/wp-json\/wp\/v2\/media\/42040"}],"wp:attachment":[{"href":"https:\/\/www.hirtenberg-apotheke.at\/katalog\/wp-json\/wp\/v2\/media?parent=42038"}],"wp:term":[{"taxonomy":"product_brand","embeddable":true,"href":"https:\/\/www.hirtenberg-apotheke.at\/katalog\/wp-json\/wp\/v2\/product_brand?post=42038"},{"taxonomy":"product_cat","embeddable":true,"href":"https:\/\/www.hirtenberg-apotheke.at\/katalog\/wp-json\/wp\/v2\/product_cat?post=42038"},{"taxonomy":"product_tag","embeddable":true,"href":"https:\/\/www.hirtenberg-apotheke.at\/katalog\/wp-json\/wp\/v2\/product_tag?post=42038"}],"curies":[{"name":"wp","href":"https:\/\/api.w.org\/{rel}","templated":true}]}}