{"id":42111,"date":"2025-11-26T08:31:27","date_gmt":"2025-11-26T07:31:27","guid":{"rendered":"https:\/\/www.hirtenberg-apotheke.at\/katalog\/produkt\/dallmanns-islaendisch-moos-hustenbonbons-37-g\/"},"modified":"2025-11-26T08:31:35","modified_gmt":"2025-11-26T07:31:35","slug":"dallmanns-islaendisch-moos-hustenbonbons-37-g","status":"publish","type":"product","link":"https:\/\/www.hirtenberg-apotheke.at\/katalog\/produkt\/dallmanns-islaendisch-moos-hustenbonbons-37-g\/","title":{"rendered":"Dallmanns Isl\u00e4ndisch Moos Hustenbonbons 37 g"},"content":{"rendered":"<p>Dallmann&#8217;s Isl\u00e4ndisch Moos Hustenbonbon enthalten 2,5% des bew\u00e4hrten Extraktes von Isl\u00e4ndisch Moos. Es ist angenehm und mild im Geschmack, legt sich wie Film auf Hals- und Rachenbereich und wirkt somit schnell und effektiv gegen hartn\u00e4ckigen Husten.<\/p>\n","protected":false},"excerpt":{"rendered":"<p>Dallmann&#8217;s Isl\u00e4ndisch Moos Hustenbonbon enthalten 2,5% des bew\u00e4hrten Extraktes von Isl\u00e4ndisch Moos. Es ist angenehm und mild im Geschmack, legt sich wie Film auf Hals- und Rachenbereich und wirkt somit schnell und effektiv gegen hartn\u00e4ckigen Husten.<\/p>\n","protected":false},"featured_media":0,"template":"","meta":{"_acf_changed":false},"product_brand":[],"product_cat":[295],"product_tag":[],"class_list":{"0":"post-42111","1":"product","2":"type-product","3":"status-publish","5":"product_cat-d","6":"pa_packungsgroesse-37g","8":"first","9":"instock","10":"shipping-taxable","11":"purchasable","12":"product-type-simple"},"acf":[],"_links":{"self":[{"href":"https:\/\/www.hirtenberg-apotheke.at\/katalog\/wp-json\/wp\/v2\/product\/42111","targetHints":{"allow":["GET"]}}],"collection":[{"href":"https:\/\/www.hirtenberg-apotheke.at\/katalog\/wp-json\/wp\/v2\/product"}],"about":[{"href":"https:\/\/www.hirtenberg-apotheke.at\/katalog\/wp-json\/wp\/v2\/types\/product"}],"wp:attachment":[{"href":"https:\/\/www.hirtenberg-apotheke.at\/katalog\/wp-json\/wp\/v2\/media?parent=42111"}],"wp:term":[{"taxonomy":"product_brand","embeddable":true,"href":"https:\/\/www.hirtenberg-apotheke.at\/katalog\/wp-json\/wp\/v2\/product_brand?post=42111"},{"taxonomy":"product_cat","embeddable":true,"href":"https:\/\/www.hirtenberg-apotheke.at\/katalog\/wp-json\/wp\/v2\/product_cat?post=42111"},{"taxonomy":"product_tag","embeddable":true,"href":"https:\/\/www.hirtenberg-apotheke.at\/katalog\/wp-json\/wp\/v2\/product_tag?post=42111"}],"curies":[{"name":"wp","href":"https:\/\/api.w.org\/{rel}","templated":true}]}}