{"id":42133,"date":"2025-11-26T08:53:56","date_gmt":"2025-11-26T07:53:56","guid":{"rendered":"https:\/\/www.hirtenberg-apotheke.at\/katalog\/produkt\/lactibian-atb-protekt-12m-10-stk-kapseln\/"},"modified":"2025-11-26T08:54:19","modified_gmt":"2025-11-26T07:54:19","slug":"lactibian-atb-protekt-12m-10-stk-kapseln","status":"publish","type":"product","link":"https:\/\/www.hirtenberg-apotheke.at\/katalog\/produkt\/lactibian-atb-protekt-12m-10-stk-kapseln\/","title":{"rendered":"Lactibian ATB Protekt 12M 10 Stk. Kapseln"},"content":{"rendered":"<p>Lactibian ATB Protektion 12M ist ein di\u00e4tetisches Lebensmittel auf probiotischer Basis, welches die intestinale Flora w\u00e4hrend medikament\u00f6ser Therapien unterst\u00fctzt. Dieses Produkt st\u00e4rkt die Darmflora, liefert damit einen Beitrag zum Schutz und zur Erhaltung eines funktionierenden Verdauungstraktes und gew\u00e4hrleistet so Wohlsein f\u00fcr den Anwender.<\/p>\n","protected":false},"excerpt":{"rendered":"<p>Lactibian ATB Protektion 12M ist ein di\u00e4tetisches Lebensmittel auf probiotischer Basis, welches die intestinale Flora w\u00e4hrend medikament\u00f6ser Therapien unterst\u00fctzt. Dieses Produkt st\u00e4rkt die Darmflora, liefert damit einen Beitrag zum Schutz und zur Erhaltung eines funktionierenden Verdauungstraktes und gew\u00e4hrleistet so Wohlsein f\u00fcr den Anwender.<\/p>\n","protected":false},"featured_media":42135,"template":"","meta":{"_acf_changed":false},"product_brand":[],"product_cat":[317],"product_tag":[],"class_list":{"0":"post-42133","1":"product","2":"type-product","3":"status-publish","4":"has-post-thumbnail","6":"product_cat-l","7":"pa_packungsgroesse-10-stueck","9":"first","10":"instock","11":"shipping-taxable","12":"purchasable","13":"product-type-simple"},"acf":[],"_links":{"self":[{"href":"https:\/\/www.hirtenberg-apotheke.at\/katalog\/wp-json\/wp\/v2\/product\/42133","targetHints":{"allow":["GET"]}}],"collection":[{"href":"https:\/\/www.hirtenberg-apotheke.at\/katalog\/wp-json\/wp\/v2\/product"}],"about":[{"href":"https:\/\/www.hirtenberg-apotheke.at\/katalog\/wp-json\/wp\/v2\/types\/product"}],"wp:featuredmedia":[{"embeddable":true,"href":"https:\/\/www.hirtenberg-apotheke.at\/katalog\/wp-json\/wp\/v2\/media\/42135"}],"wp:attachment":[{"href":"https:\/\/www.hirtenberg-apotheke.at\/katalog\/wp-json\/wp\/v2\/media?parent=42133"}],"wp:term":[{"taxonomy":"product_brand","embeddable":true,"href":"https:\/\/www.hirtenberg-apotheke.at\/katalog\/wp-json\/wp\/v2\/product_brand?post=42133"},{"taxonomy":"product_cat","embeddable":true,"href":"https:\/\/www.hirtenberg-apotheke.at\/katalog\/wp-json\/wp\/v2\/product_cat?post=42133"},{"taxonomy":"product_tag","embeddable":true,"href":"https:\/\/www.hirtenberg-apotheke.at\/katalog\/wp-json\/wp\/v2\/product_tag?post=42133"}],"curies":[{"name":"wp","href":"https:\/\/api.w.org\/{rel}","templated":true}]}}